{"id":4346,"date":"2020-10-13T06:59:11","date_gmt":"2020-10-13T04:59:11","guid":{"rendered":"http:\/\/new.stodecamping.com\/que-hacer\/st-olavsleden\/"},"modified":"2020-12-10T10:21:47","modified_gmt":"2020-12-10T09:21:47","slug":"st-olavsleden","status":"publish","type":"page","link":"https:\/\/www.stodecamping.com\/es\/que-hacer\/st-olavsleden\/","title":{"rendered":"Invierno en St\u00f6de"},"content":{"rendered":"\t\t<div data-elementor-type=\"wp-page\" data-elementor-id=\"4346\" class=\"elementor elementor-4346 elementor-2515\" data-elementor-post-type=\"page\">\n\t\t\t\t\t\t<section class=\"elementor-section elementor-top-section elementor-element elementor-element-8df5d03 elementor-section-boxed elementor-section-height-default elementor-section-height-default\" data-id=\"8df5d03\" data-element_type=\"section\" data-e-type=\"section\">\n\t\t\t\t\t\t<div class=\"elementor-container elementor-column-gap-default\">\n\t\t\t\t\t<div class=\"elementor-column elementor-col-100 elementor-top-column elementor-element elementor-element-3a0eb0c\" data-id=\"3a0eb0c\" data-element_type=\"column\" data-e-type=\"column\">\n\t\t\t<div class=\"elementor-widget-wrap elementor-element-populated\">\n\t\t\t\t\t\t<div class=\"elementor-element elementor-element-b94dea1 elementor-widget elementor-widget-heading\" data-id=\"b94dea1\" data-element_type=\"widget\" data-e-type=\"widget\" data-widget_type=\"heading.default\">\n\t\t\t\t<div class=\"elementor-widget-container\">\n\t\t\t\t\t<h2 class=\"elementor-heading-title elementor-size-default\">Invierno en St\u00f6de<\/h2>\t\t\t\t<\/div>\n\t\t\t\t<\/div>\n\t\t\t\t<div class=\"elementor-element elementor-element-93c2e02 elementor-widget elementor-widget-text-editor\" data-id=\"93c2e02\" data-element_type=\"widget\" data-e-type=\"widget\" data-widget_type=\"text-editor.default\">\n\t\t\t\t<div class=\"elementor-widget-container\">\n\t\t\t\t\t\t\t\t\t<p>Hay muchas cosas que se pueden hacer en St\u00f6de durante el invierno, eskiar para bajo o para largo, pescar al estilo invierno, pasear o montar caballo en un paisaje de cuentos.\u00a0<\/p>\t\t\t\t\t\t\t\t<\/div>\n\t\t\t\t<\/div>\n\t\t\t\t\t<\/div>\n\t\t<\/div>\n\t\t\t\t\t<\/div>\n\t\t<\/section>\n\t\t\t\t<section class=\"elementor-section elementor-top-section elementor-element elementor-element-67015fa elementor-section-stretched elementor-section-boxed elementor-section-height-default elementor-section-height-default\" data-id=\"67015fa\" data-element_type=\"section\" data-e-type=\"section\" data-settings=\"{&quot;stretch_section&quot;:&quot;section-stretched&quot;}\">\n\t\t\t\t\t\t<div class=\"elementor-container elementor-column-gap-no\">\n\t\t\t\t\t<div class=\"elementor-column elementor-col-100 elementor-top-column elementor-element elementor-element-4ff5571\" data-id=\"4ff5571\" data-element_type=\"column\" data-e-type=\"column\">\n\t\t\t<div class=\"elementor-widget-wrap elementor-element-populated\">\n\t\t\t\t\t\t<div class=\"elementor-element elementor-element-943f917 elementor-arrows-position-inside elementor-widget elementor-widget-image-carousel\" data-id=\"943f917\" data-element_type=\"widget\" data-e-type=\"widget\" data-settings=\"{&quot;slides_to_show&quot;:&quot;2&quot;,&quot;slides_to_show_tablet&quot;:&quot;1&quot;,&quot;navigation&quot;:&quot;arrows&quot;,&quot;pause_on_interaction&quot;:&quot;no&quot;,&quot;autoplay&quot;:&quot;yes&quot;,&quot;pause_on_hover&quot;:&quot;yes&quot;,&quot;autoplay_speed&quot;:5000,&quot;infinite&quot;:&quot;yes&quot;,&quot;speed&quot;:500,&quot;image_spacing_custom&quot;:{&quot;unit&quot;:&quot;px&quot;,&quot;size&quot;:20,&quot;sizes&quot;:[]}}\" data-widget_type=\"image-carousel.default\">\n\t\t\t\t<div class=\"elementor-widget-container\">\n\t\t\t\t\t\t\t<div class=\"elementor-image-carousel-wrapper swiper\" role=\"region\" aria-roledescription=\"carousel\" aria-label=\"Carrusel de im\u00e1genes\" dir=\"ltr\">\n\t\t\t<div class=\"elementor-image-carousel swiper-wrapper swiper-image-stretch\" aria-live=\"off\">\n\t\t\t\t\t\t\t\t<div class=\"swiper-slide\" role=\"group\" aria-roledescription=\"slide\" aria-label=\"1 de 2\"><figure class=\"swiper-slide-inner\"><img decoding=\"async\" class=\"swiper-slide-image\" src=\"https:\/\/www.stodecamping.com\/wp-content\/uploads\/2020\/12\/8B7013F6-B99F-4F54-8D36-A2DEF48EFF29_1_201_a.jpeg\" alt=\"8B7013F6-B99F-4F54-8D36-A2DEF48EFF29_1_201_a\" \/><\/figure><\/div><div class=\"swiper-slide\" role=\"group\" aria-roledescription=\"slide\" aria-label=\"2 de 2\"><figure class=\"swiper-slide-inner\"><img decoding=\"async\" class=\"swiper-slide-image\" src=\"https:\/\/www.stodecamping.com\/wp-content\/uploads\/2020\/12\/C9898EDD-D3B8-48EC-BB71-B8636228052C_1_201_a.jpeg\" alt=\"C9898EDD-D3B8-48EC-BB71-B8636228052C_1_201_a\" \/><\/figure><\/div>\t\t\t<\/div>\n\t\t\t\t\t\t\t\t\t\t\t\t<div class=\"elementor-swiper-button elementor-swiper-button-prev\" role=\"button\" tabindex=\"0\">\n\t\t\t\t\t\t<i aria-hidden=\"true\" class=\"eicon-chevron-left\"><\/i>\t\t\t\t\t<\/div>\n\t\t\t\t\t<div class=\"elementor-swiper-button elementor-swiper-button-next\" role=\"button\" tabindex=\"0\">\n\t\t\t\t\t\t<i aria-hidden=\"true\" class=\"eicon-chevron-right\"><\/i>\t\t\t\t\t<\/div>\n\t\t\t\t\n\t\t\t\t\t\t\t\t\t<\/div>\n\t\t\t\t\t\t<\/div>\n\t\t\t\t<\/div>\n\t\t\t\t\t<\/div>\n\t\t<\/div>\n\t\t\t\t\t<\/div>\n\t\t<\/section>\n\t\t\t\t<section class=\"elementor-section elementor-top-section elementor-element elementor-element-7f97724 elementor-section-boxed elementor-section-height-default elementor-section-height-default\" data-id=\"7f97724\" data-element_type=\"section\" data-e-type=\"section\">\n\t\t\t\t\t\t<div class=\"elementor-container elementor-column-gap-default\">\n\t\t\t\t\t<div class=\"elementor-column elementor-col-50 elementor-top-column elementor-element elementor-element-e6aefd4\" data-id=\"e6aefd4\" data-element_type=\"column\" data-e-type=\"column\">\n\t\t\t<div class=\"elementor-widget-wrap elementor-element-populated\">\n\t\t\t\t\t\t<div class=\"elementor-element elementor-element-bf6c69f elementor-widget elementor-widget-image\" data-id=\"bf6c69f\" data-element_type=\"widget\" data-e-type=\"widget\" data-widget_type=\"image.default\">\n\t\t\t\t<div class=\"elementor-widget-container\">\n\t\t\t\t\t\t\t\t\t\t\t\t\t\t\t<img fetchpriority=\"high\" decoding=\"async\" width=\"2560\" height=\"1920\" src=\"https:\/\/www.stodecamping.com\/wp-content\/uploads\/2020\/10\/9-scaled.jpg\" class=\"attachment-full size-full wp-image-924\" alt=\"\" srcset=\"https:\/\/www.stodecamping.com\/wp-content\/uploads\/2020\/10\/9-scaled.jpg 2560w, https:\/\/www.stodecamping.com\/wp-content\/uploads\/2020\/10\/9-300x225.jpg 300w, https:\/\/www.stodecamping.com\/wp-content\/uploads\/2020\/10\/9-1024x768.jpg 1024w, https:\/\/www.stodecamping.com\/wp-content\/uploads\/2020\/10\/9-768x576.jpg 768w, https:\/\/www.stodecamping.com\/wp-content\/uploads\/2020\/10\/9-1536x1152.jpg 1536w, https:\/\/www.stodecamping.com\/wp-content\/uploads\/2020\/10\/9-2048x1536.jpg 2048w\" sizes=\"(max-width: 2560px) 100vw, 2560px\" \/>\t\t\t\t\t\t\t\t\t\t\t\t\t\t\t<\/div>\n\t\t\t\t<\/div>\n\t\t\t\t\t<\/div>\n\t\t<\/div>\n\t\t\t\t<div class=\"elementor-column elementor-col-50 elementor-top-column elementor-element elementor-element-a185f87\" data-id=\"a185f87\" data-element_type=\"column\" data-e-type=\"column\">\n\t\t\t<div class=\"elementor-widget-wrap elementor-element-populated\">\n\t\t\t\t\t\t<div class=\"elementor-element elementor-element-0549648 elementor-widget elementor-widget-image\" data-id=\"0549648\" data-element_type=\"widget\" data-e-type=\"widget\" data-widget_type=\"image.default\">\n\t\t\t\t<div class=\"elementor-widget-container\">\n\t\t\t\t\t\t\t\t\t\t\t\t\t\t\t<img decoding=\"async\" width=\"2560\" height=\"1692\" src=\"https:\/\/www.stodecamping.com\/wp-content\/uploads\/2020\/10\/66-scaled.jpg\" class=\"attachment-full size-full wp-image-2556\" alt=\"\" srcset=\"https:\/\/www.stodecamping.com\/wp-content\/uploads\/2020\/10\/66-scaled.jpg 2560w, https:\/\/www.stodecamping.com\/wp-content\/uploads\/2020\/10\/66-300x198.jpg 300w, https:\/\/www.stodecamping.com\/wp-content\/uploads\/2020\/10\/66-1024x677.jpg 1024w, https:\/\/www.stodecamping.com\/wp-content\/uploads\/2020\/10\/66-768x508.jpg 768w, https:\/\/www.stodecamping.com\/wp-content\/uploads\/2020\/10\/66-1536x1015.jpg 1536w, https:\/\/www.stodecamping.com\/wp-content\/uploads\/2020\/10\/66-2048x1353.jpg 2048w\" sizes=\"(max-width: 2560px) 100vw, 2560px\" \/>\t\t\t\t\t\t\t\t\t\t\t\t\t\t\t<\/div>\n\t\t\t\t<\/div>\n\t\t\t\t\t<\/div>\n\t\t<\/div>\n\t\t\t\t\t<\/div>\n\t\t<\/section>\n\t\t\t\t<\/div>\n\t\t","protected":false},"excerpt":{"rendered":"<p>Invierno en St\u00f6de Hay muchas cosas que se pueden hacer en St\u00f6de durante el invierno, eskiar para bajo o para largo, pescar al estilo invierno, pasear o montar caballo en un paisaje de cuentos.\u00a0 F\u00f6reg\u00e5ende N\u00e4sta<\/p>\n","protected":false},"author":2,"featured_media":0,"parent":4313,"menu_order":0,"comment_status":"closed","ping_status":"closed","template":"","meta":{"footnotes":""},"class_list":["post-4346","page","type-page","status-publish","hentry"],"_links":{"self":[{"href":"https:\/\/www.stodecamping.com\/es\/wp-json\/wp\/v2\/pages\/4346","targetHints":{"allow":["GET"]}}],"collection":[{"href":"https:\/\/www.stodecamping.com\/es\/wp-json\/wp\/v2\/pages"}],"about":[{"href":"https:\/\/www.stodecamping.com\/es\/wp-json\/wp\/v2\/types\/page"}],"author":[{"embeddable":true,"href":"https:\/\/www.stodecamping.com\/es\/wp-json\/wp\/v2\/users\/2"}],"replies":[{"embeddable":true,"href":"https:\/\/www.stodecamping.com\/es\/wp-json\/wp\/v2\/comments?post=4346"}],"version-history":[{"count":0,"href":"https:\/\/www.stodecamping.com\/es\/wp-json\/wp\/v2\/pages\/4346\/revisions"}],"up":[{"embeddable":true,"href":"https:\/\/www.stodecamping.com\/es\/wp-json\/wp\/v2\/pages\/4313"}],"wp:attachment":[{"href":"https:\/\/www.stodecamping.com\/es\/wp-json\/wp\/v2\/media?parent=4346"}],"curies":[{"name":"wp","href":"https:\/\/api.w.org\/{rel}","templated":true}]}}