{"id":4328,"date":"2020-10-13T07:11:04","date_gmt":"2020-10-13T05:11:04","guid":{"rendered":"http:\/\/new.stodecamping.com\/que-hacer\/geocaching\/"},"modified":"2020-10-30T08:37:09","modified_gmt":"2020-10-30T07:37:09","slug":"geocaching","status":"publish","type":"page","link":"https:\/\/www.stodecamping.com\/es\/que-hacer\/geocaching\/","title":{"rendered":"Geocaching"},"content":{"rendered":"\t\t<div data-elementor-type=\"wp-page\" data-elementor-id=\"4328\" class=\"elementor elementor-4328 elementor-2575\" data-elementor-post-type=\"page\">\n\t\t\t\t\t\t<section class=\"elementor-section elementor-top-section elementor-element elementor-element-8df5d03 elementor-section-boxed elementor-section-height-default elementor-section-height-default\" data-id=\"8df5d03\" data-element_type=\"section\" data-e-type=\"section\">\n\t\t\t\t\t\t<div class=\"elementor-container elementor-column-gap-default\">\n\t\t\t\t\t<div class=\"elementor-column elementor-col-100 elementor-top-column elementor-element elementor-element-3a0eb0c\" data-id=\"3a0eb0c\" data-element_type=\"column\" data-e-type=\"column\">\n\t\t\t<div class=\"elementor-widget-wrap elementor-element-populated\">\n\t\t\t\t\t\t<div class=\"elementor-element elementor-element-b94dea1 elementor-widget elementor-widget-heading\" data-id=\"b94dea1\" data-element_type=\"widget\" data-e-type=\"widget\" data-widget_type=\"heading.default\">\n\t\t\t\t<div class=\"elementor-widget-container\">\n\t\t\t\t\t<h2 class=\"elementor-heading-title elementor-size-default\">Geocaching<\/h2>\t\t\t\t<\/div>\n\t\t\t\t<\/div>\n\t\t\t\t<section class=\"elementor-section elementor-inner-section elementor-element elementor-element-d7bb53a elementor-section-boxed elementor-section-height-default elementor-section-height-default\" data-id=\"d7bb53a\" data-element_type=\"section\" data-e-type=\"section\">\n\t\t\t\t\t\t<div class=\"elementor-container elementor-column-gap-default\">\n\t\t\t\t\t<div class=\"elementor-column elementor-col-100 elementor-inner-column elementor-element elementor-element-49a60d3\" data-id=\"49a60d3\" data-element_type=\"column\" data-e-type=\"column\">\n\t\t\t<div class=\"elementor-widget-wrap elementor-element-populated\">\n\t\t\t\t\t\t<div class=\"elementor-element elementor-element-93c2e02 elementor-widget elementor-widget-text-editor\" data-id=\"93c2e02\" data-element_type=\"widget\" data-e-type=\"widget\" data-widget_type=\"text-editor.default\">\n\t\t\t\t<div class=\"elementor-widget-container\">\n\t\t\t\t\t\t\t\t\t<p>El geocaching es una b\u00fasqueda del tesoro basada en la realidad y al aire libre que utiliza dispositivos GPS. Los participantes navegan hasta una coordenada GPS espec\u00edfica y luego intentan encontrar el geocach\u00e9 (contenedor \/ tesoro) que est\u00e1 escondido en el sitio.<\/p>\n<p>El geocaching es una actividad \u00absecreta\u00bb donde no se debe ver que est\u00e1s buscando tesoros, eso es la mitad de la cosa.<\/p>\n\t\t\t\t\t\t\t\t<\/div>\n\t\t\t\t<\/div>\n\t\t\t\t\t<\/div>\n\t\t<\/div>\n\t\t\t\t\t<\/div>\n\t\t<\/section>\n\t\t\t\t\t<\/div>\n\t\t<\/div>\n\t\t\t\t\t<\/div>\n\t\t<\/section>\n\t\t\t\t<section class=\"elementor-section elementor-top-section elementor-element elementor-element-35f3d1e elementor-section-stretched elementor-section-boxed elementor-section-height-default elementor-section-height-default\" data-id=\"35f3d1e\" data-element_type=\"section\" data-e-type=\"section\" data-settings=\"{&quot;stretch_section&quot;:&quot;section-stretched&quot;}\">\n\t\t\t\t\t\t<div class=\"elementor-container elementor-column-gap-no\">\n\t\t\t\t\t<div class=\"elementor-column elementor-col-100 elementor-top-column elementor-element elementor-element-5f96507\" data-id=\"5f96507\" data-element_type=\"column\" data-e-type=\"column\">\n\t\t\t<div class=\"elementor-widget-wrap elementor-element-populated\">\n\t\t\t\t\t\t<div class=\"elementor-element elementor-element-c52c6e6 elementor-widget elementor-widget-image\" data-id=\"c52c6e6\" data-element_type=\"widget\" data-e-type=\"widget\" data-widget_type=\"image.default\">\n\t\t\t\t<div class=\"elementor-widget-container\">\n\t\t\t\t\t\t\t\t\t\t\t\t\t\t\t<img fetchpriority=\"high\" decoding=\"async\" width=\"1036\" height=\"504\" src=\"https:\/\/www.stodecamping.com\/wp-content\/uploads\/2020\/10\/img43-1.png\" class=\"attachment-full size-full wp-image-2590\" alt=\"\" srcset=\"https:\/\/www.stodecamping.com\/wp-content\/uploads\/2020\/10\/img43-1.png 1036w, https:\/\/www.stodecamping.com\/wp-content\/uploads\/2020\/10\/img43-1-300x146.png 300w, https:\/\/www.stodecamping.com\/wp-content\/uploads\/2020\/10\/img43-1-1024x498.png 1024w, https:\/\/www.stodecamping.com\/wp-content\/uploads\/2020\/10\/img43-1-768x374.png 768w\" sizes=\"(max-width: 1036px) 100vw, 1036px\" \/>\t\t\t\t\t\t\t\t\t\t\t\t\t\t\t<\/div>\n\t\t\t\t<\/div>\n\t\t\t\t\t<\/div>\n\t\t<\/div>\n\t\t\t\t\t<\/div>\n\t\t<\/section>\n\t\t\t\t<section class=\"elementor-section elementor-top-section elementor-element elementor-element-87907c5 elementor-section-boxed elementor-section-height-default elementor-section-height-default\" data-id=\"87907c5\" data-element_type=\"section\" data-e-type=\"section\">\n\t\t\t\t\t\t<div class=\"elementor-container elementor-column-gap-no\">\n\t\t\t\t\t<div class=\"elementor-column elementor-col-100 elementor-top-column elementor-element elementor-element-77efab1\" data-id=\"77efab1\" data-element_type=\"column\" data-e-type=\"column\" data-settings=\"{&quot;background_background&quot;:&quot;classic&quot;}\">\n\t\t\t<div class=\"elementor-widget-wrap elementor-element-populated\">\n\t\t\t\t\t\t<div class=\"elementor-element elementor-element-0a2dbe0 elementor-widget elementor-widget-heading\" data-id=\"0a2dbe0\" data-element_type=\"widget\" data-e-type=\"widget\" data-widget_type=\"heading.default\">\n\t\t\t\t<div class=\"elementor-widget-container\">\n\t\t\t\t\t<h3 class=\"elementor-heading-title elementor-size-default\">Nota<\/h3>\t\t\t\t<\/div>\n\t\t\t\t<\/div>\n\t\t\t\t<div class=\"elementor-element elementor-element-4c43d86 elementor-widget elementor-widget-text-editor\" data-id=\"4c43d86\" data-element_type=\"widget\" data-e-type=\"widget\" data-widget_type=\"text-editor.default\">\n\t\t\t\t<div class=\"elementor-widget-container\">\n\t\t\t\t\t\t\t\t\t<p>OBS! Det \u00e4r inte St\u00f6de Camping som ansvarar f\u00f6r Geocaching eller n\u00e4rliggande cacher! Detta \u00e4r en aktivitet som ut\u00f6vas och hanteras av vanliga medlemmar, s\u00e5 f\u00f6rst\u00f6r ej p\u00e5 n\u00e5got vis cacherna eller cacheupplevelsen f\u00f6r andra. Deltagarna g\u00f6r detta p\u00e5 sin fritid och l\u00e4gger ner privata pengar p\u00e5 detta.<\/p>\n<p>Har du funderingar \u00f6ver Geocaching eller vill skapa ett medlemskonto, bes\u00f6k\u00a0<a href=\"https:\/\/www.geocaching.com\/\" target=\"_blank\" rel=\"noopener\">Geocaching.com &gt;&gt;<\/a><\/p>\n\t\t\t\t\t\t\t\t<\/div>\n\t\t\t\t<\/div>\n\t\t\t\t<section class=\"elementor-section elementor-inner-section elementor-element elementor-element-37a7567 elementor-section-boxed elementor-section-height-default elementor-section-height-default\" data-id=\"37a7567\" data-element_type=\"section\" data-e-type=\"section\">\n\t\t\t\t\t\t<div class=\"elementor-container elementor-column-gap-default\">\n\t\t\t\t\t<div class=\"elementor-column elementor-col-50 elementor-inner-column elementor-element elementor-element-bba5bc5\" data-id=\"bba5bc5\" data-element_type=\"column\" data-e-type=\"column\">\n\t\t\t<div class=\"elementor-widget-wrap elementor-element-populated\">\n\t\t\t\t\t\t<div class=\"elementor-element elementor-element-75976b7 elementor-align-right elementor-mobile-align-center elementor-widget elementor-widget-button\" data-id=\"75976b7\" data-element_type=\"widget\" data-e-type=\"widget\" data-widget_type=\"button.default\">\n\t\t\t\t<div class=\"elementor-widget-container\">\n\t\t\t\t\t\t\t\t\t<div class=\"elementor-button-wrapper\">\n\t\t\t\t\t<a class=\"elementor-button elementor-button-link elementor-size-sm\" href=\"https:\/\/www.geocaching.com\/guide\/\" target=\"_blank\" rel=\"noopener\">\n\t\t\t\t\t\t<span class=\"elementor-button-content-wrapper\">\n\t\t\t\t\t\t\t\t\t<span class=\"elementor-button-text\">Geocaching FAQ<\/span>\n\t\t\t\t\t<\/span>\n\t\t\t\t\t<\/a>\n\t\t\t\t<\/div>\n\t\t\t\t\t\t\t\t<\/div>\n\t\t\t\t<\/div>\n\t\t\t\t\t<\/div>\n\t\t<\/div>\n\t\t\t\t<div class=\"elementor-column elementor-col-50 elementor-inner-column elementor-element elementor-element-0584a51\" data-id=\"0584a51\" data-element_type=\"column\" data-e-type=\"column\">\n\t\t\t<div class=\"elementor-widget-wrap elementor-element-populated\">\n\t\t\t\t\t\t<div class=\"elementor-element elementor-element-3429247 elementor-align-left elementor-mobile-align-center elementor-widget elementor-widget-button\" data-id=\"3429247\" data-element_type=\"widget\" data-e-type=\"widget\" data-widget_type=\"button.default\">\n\t\t\t\t<div class=\"elementor-widget-container\">\n\t\t\t\t\t\t\t\t\t<div class=\"elementor-button-wrapper\">\n\t\t\t\t\t<a class=\"elementor-button elementor-button-link elementor-size-sm\" href=\"https:\/\/www.geocaching.com\/map\/default.aspx?ll=63.29136,18.71641#?ll=62.412494,16.563078&#038;z=14\" target=\"_blank\" rel=\"noopener\">\n\t\t\t\t\t\t<span class=\"elementor-button-content-wrapper\">\n\t\t\t\t\t\t\t\t\t<span class=\"elementor-button-text\">Caches cerca del camping St\u00f6de<\/span>\n\t\t\t\t\t<\/span>\n\t\t\t\t\t<\/a>\n\t\t\t\t<\/div>\n\t\t\t\t\t\t\t\t<\/div>\n\t\t\t\t<\/div>\n\t\t\t\t\t<\/div>\n\t\t<\/div>\n\t\t\t\t\t<\/div>\n\t\t<\/section>\n\t\t\t\t\t<\/div>\n\t\t<\/div>\n\t\t\t\t\t<\/div>\n\t\t<\/section>\n\t\t\t\t<\/div>\n\t\t","protected":false},"excerpt":{"rendered":"<p>Geocaching El geocaching es una b\u00fasqueda del tesoro basada en la realidad y al aire libre que utiliza dispositivos GPS. Los participantes navegan hasta una coordenada GPS espec\u00edfica y luego intentan encontrar el geocach\u00e9 (contenedor \/ tesoro) que est\u00e1 escondido en el sitio. El geocaching es una actividad \u00absecreta\u00bb donde no se debe ver que [&hellip;]<\/p>\n","protected":false},"author":2,"featured_media":0,"parent":4313,"menu_order":0,"comment_status":"closed","ping_status":"closed","template":"","meta":{"footnotes":""},"class_list":["post-4328","page","type-page","status-publish","hentry"],"_links":{"self":[{"href":"https:\/\/www.stodecamping.com\/es\/wp-json\/wp\/v2\/pages\/4328","targetHints":{"allow":["GET"]}}],"collection":[{"href":"https:\/\/www.stodecamping.com\/es\/wp-json\/wp\/v2\/pages"}],"about":[{"href":"https:\/\/www.stodecamping.com\/es\/wp-json\/wp\/v2\/types\/page"}],"author":[{"embeddable":true,"href":"https:\/\/www.stodecamping.com\/es\/wp-json\/wp\/v2\/users\/2"}],"replies":[{"embeddable":true,"href":"https:\/\/www.stodecamping.com\/es\/wp-json\/wp\/v2\/comments?post=4328"}],"version-history":[{"count":0,"href":"https:\/\/www.stodecamping.com\/es\/wp-json\/wp\/v2\/pages\/4328\/revisions"}],"up":[{"embeddable":true,"href":"https:\/\/www.stodecamping.com\/es\/wp-json\/wp\/v2\/pages\/4313"}],"wp:attachment":[{"href":"https:\/\/www.stodecamping.com\/es\/wp-json\/wp\/v2\/media?parent=4328"}],"curies":[{"name":"wp","href":"https:\/\/api.w.org\/{rel}","templated":true}]}}