{"id":4313,"date":"2020-09-29T15:39:59","date_gmt":"2020-09-29T13:39:59","guid":{"rendered":"http:\/\/new.stodecamping.com\/que-hacer\/"},"modified":"2025-04-10T10:34:27","modified_gmt":"2025-04-10T08:34:27","slug":"que-hacer","status":"publish","type":"page","link":"https:\/\/www.stodecamping.com\/es\/que-hacer\/","title":{"rendered":"Que hacer"},"content":{"rendered":"\t\t<div data-elementor-type=\"wp-page\" data-elementor-id=\"4313\" class=\"elementor elementor-4313 elementor-86\" data-elementor-post-type=\"page\">\n\t\t\t\t\t\t<section class=\"elementor-section elementor-top-section elementor-element elementor-element-fb94cb6 elementor-section-boxed elementor-section-height-default elementor-section-height-default\" data-id=\"fb94cb6\" data-element_type=\"section\" data-e-type=\"section\">\n\t\t\t\t\t\t<div class=\"elementor-container elementor-column-gap-default\">\n\t\t\t\t\t<div class=\"elementor-column elementor-col-100 elementor-top-column elementor-element elementor-element-b60ba2f\" data-id=\"b60ba2f\" data-element_type=\"column\" data-e-type=\"column\">\n\t\t\t<div class=\"elementor-widget-wrap elementor-element-populated\">\n\t\t\t\t\t\t<div class=\"elementor-element elementor-element-de9ba92 elementor-widget elementor-widget-heading\" data-id=\"de9ba92\" data-element_type=\"widget\" data-e-type=\"widget\" data-widget_type=\"heading.default\">\n\t\t\t\t<div class=\"elementor-widget-container\">\n\t\t\t\t\t<h2 class=\"elementor-heading-title elementor-size-default\">Actividades alrededor del camping St\u00f6de<\/h2>\t\t\t\t<\/div>\n\t\t\t\t<\/div>\n\t\t\t\t<div class=\"elementor-element elementor-element-39e52ca elementor-widget elementor-widget-text-editor\" data-id=\"39e52ca\" data-element_type=\"widget\" data-e-type=\"widget\" data-widget_type=\"text-editor.default\">\n\t\t\t\t<div class=\"elementor-widget-container\">\n\t\t\t\t\t\t\t\t\t<p>En el campamento se pueden alquilar botes o canoas, tal vez bajar en uno de nuestros muelles y pescar por un tiempo, hay muchas percas y luciosas en el lago y para el pescador un bonito lucio. Tambi\u00e9n puede bajar a V\u00e5ngen (a 200 m del camping) y darse un ba\u00f1o. Perfecto para los ni\u00f1os porque es muy poco profundo o nadando desde nuestro embarcadero de ba\u00f1o que est\u00e1 justo debajo de las caravanas. Si hace fr\u00edo, tambi\u00e9n se puede nadar en St\u00f6debadet, que siempre tiene una temperatura de alrededor de 30 grados. Juega al tenis, simulador de golf e incluso simulador de caza disponible. Billar y gimnasio o simplemente estar en el camping y disfrutar de barbacoas junto al lago.<\/p>\n\t\t\t\t\t\t\t\t<\/div>\n\t\t\t\t<\/div>\n\t\t\t\t\t<\/div>\n\t\t<\/div>\n\t\t\t\t\t<\/div>\n\t\t<\/section>\n\t\t\t\t<section class=\"elementor-section elementor-top-section elementor-element elementor-element-3475ba5 elementor-section-boxed elementor-section-height-default elementor-section-height-default\" data-id=\"3475ba5\" data-element_type=\"section\" data-e-type=\"section\">\n\t\t\t\t\t\t<div class=\"elementor-container elementor-column-gap-default\">\n\t\t\t\t\t<div class=\"elementor-column elementor-col-33 elementor-top-column elementor-element elementor-element-7b1c49f\" data-id=\"7b1c49f\" data-element_type=\"column\" data-e-type=\"column\" data-settings=\"{&quot;background_background&quot;:&quot;classic&quot;}\">\n\t\t\t<div class=\"elementor-widget-wrap elementor-element-populated\">\n\t\t\t\t\t\t<div class=\"elementor-element elementor-element-4581aba elementor-position-top elementor-widget elementor-widget-image-box\" data-id=\"4581aba\" data-element_type=\"widget\" data-e-type=\"widget\" data-widget_type=\"image-box.default\">\n\t\t\t\t<div class=\"elementor-widget-container\">\n\t\t\t\t\t<div class=\"elementor-image-box-wrapper\"><figure class=\"elementor-image-box-img\"><a href=\"https:\/\/www.stodecamping.com\/es\/que-hacer\/cerca-del-camping\/\" tabindex=\"-1\"><img fetchpriority=\"high\" decoding=\"async\" width=\"1242\" height=\"931\" src=\"https:\/\/www.stodecamping.com\/wp-content\/uploads\/2020\/10\/i-narheten-stode-camping-1.jpg\" class=\"attachment-full size-full wp-image-3467\" alt=\"\" srcset=\"https:\/\/www.stodecamping.com\/wp-content\/uploads\/2020\/10\/i-narheten-stode-camping-1.jpg 1242w, https:\/\/www.stodecamping.com\/wp-content\/uploads\/2020\/10\/i-narheten-stode-camping-1-300x225.jpg 300w, https:\/\/www.stodecamping.com\/wp-content\/uploads\/2020\/10\/i-narheten-stode-camping-1-1024x768.jpg 1024w, https:\/\/www.stodecamping.com\/wp-content\/uploads\/2020\/10\/i-narheten-stode-camping-1-768x576.jpg 768w\" sizes=\"(max-width: 1242px) 100vw, 1242px\" \/><\/a><\/figure><div class=\"elementor-image-box-content\"><h3 class=\"elementor-image-box-title\"><a href=\"https:\/\/www.stodecamping.com\/es\/que-hacer\/cerca-del-camping\/\">Cerca del camping<\/a><\/h3><p class=\"elementor-image-box-description\">Pesca, alquila un barco o una canoa, nada en St\u00f6debadet. Senderos esc\u00e9nicos para caminar.<\/p><\/div><\/div>\t\t\t\t<\/div>\n\t\t\t\t<\/div>\n\t\t\t\t\t<\/div>\n\t\t<\/div>\n\t\t\t\t<div class=\"elementor-column elementor-col-33 elementor-top-column elementor-element elementor-element-2293f22\" data-id=\"2293f22\" data-element_type=\"column\" data-e-type=\"column\" data-settings=\"{&quot;background_background&quot;:&quot;classic&quot;}\">\n\t\t\t<div class=\"elementor-widget-wrap elementor-element-populated\">\n\t\t\t\t\t\t<div class=\"elementor-element elementor-element-69b8976 elementor-position-top elementor-widget elementor-widget-image-box\" data-id=\"69b8976\" data-element_type=\"widget\" data-e-type=\"widget\" data-widget_type=\"image-box.default\">\n\t\t\t\t<div class=\"elementor-widget-container\">\n\t\t\t\t\t<div class=\"elementor-image-box-wrapper\"><figure class=\"elementor-image-box-img\"><a href=\"https:\/\/www.stodecamping.com\/es\/que-hacer\/stodebadet\/\" tabindex=\"-1\"><img decoding=\"async\" width=\"2560\" height=\"1706\" src=\"https:\/\/www.stodecamping.com\/wp-content\/uploads\/2023\/06\/AL1R4891-scaled.jpg\" class=\"attachment-full size-full wp-image-9087\" alt=\"\" srcset=\"https:\/\/www.stodecamping.com\/wp-content\/uploads\/2023\/06\/AL1R4891-scaled.jpg 2560w, https:\/\/www.stodecamping.com\/wp-content\/uploads\/2023\/06\/AL1R4891-300x200.jpg 300w, https:\/\/www.stodecamping.com\/wp-content\/uploads\/2023\/06\/AL1R4891-1024x683.jpg 1024w, https:\/\/www.stodecamping.com\/wp-content\/uploads\/2023\/06\/AL1R4891-768x512.jpg 768w, https:\/\/www.stodecamping.com\/wp-content\/uploads\/2023\/06\/AL1R4891-1536x1024.jpg 1536w, https:\/\/www.stodecamping.com\/wp-content\/uploads\/2023\/06\/AL1R4891-2048x1365.jpg 2048w\" sizes=\"(max-width: 2560px) 100vw, 2560px\" \/><\/a><\/figure><div class=\"elementor-image-box-content\"><h3 class=\"elementor-image-box-title\"><a href=\"https:\/\/www.stodecamping.com\/es\/que-hacer\/stodebadet\/\">St\u00f6debadet<\/a><\/h3><p class=\"elementor-image-box-description\">Nade, haga gimnasia, juegue al tenis o tome un caf\u00e9 en la cafeter\u00eda a los pies de Huberget.<\/p><\/div><\/div>\t\t\t\t<\/div>\n\t\t\t\t<\/div>\n\t\t\t\t\t<\/div>\n\t\t<\/div>\n\t\t\t\t<div class=\"elementor-column elementor-col-33 elementor-top-column elementor-element elementor-element-333d8b7\" data-id=\"333d8b7\" data-element_type=\"column\" data-e-type=\"column\" data-settings=\"{&quot;background_background&quot;:&quot;classic&quot;}\">\n\t\t\t<div class=\"elementor-widget-wrap elementor-element-populated\">\n\t\t\t\t\t\t<div class=\"elementor-element elementor-element-3a7703d elementor-position-top elementor-widget elementor-widget-image-box\" data-id=\"3a7703d\" data-element_type=\"widget\" data-e-type=\"widget\" data-widget_type=\"image-box.default\">\n\t\t\t\t<div class=\"elementor-widget-container\">\n\t\t\t\t\t<div class=\"elementor-image-box-wrapper\"><figure class=\"elementor-image-box-img\"><a href=\"https:\/\/www.stodecamping.com\/es\/que-hacer\/routa-turistica-ljungandalsvagen\/\" tabindex=\"-1\"><img decoding=\"async\" width=\"340\" height=\"243\" src=\"https:\/\/www.stodecamping.com\/wp-content\/uploads\/2020\/11\/9C988763-A662-477D-94DB-F47EED94B081_4_5005_c.jpeg\" class=\"attachment-full size-full wp-image-6353\" alt=\"\" srcset=\"https:\/\/www.stodecamping.com\/wp-content\/uploads\/2020\/11\/9C988763-A662-477D-94DB-F47EED94B081_4_5005_c.jpeg 340w, https:\/\/www.stodecamping.com\/wp-content\/uploads\/2020\/11\/9C988763-A662-477D-94DB-F47EED94B081_4_5005_c-300x214.jpeg 300w\" sizes=\"(max-width: 340px) 100vw, 340px\" \/><\/a><\/figure><div class=\"elementor-image-box-content\"><h3 class=\"elementor-image-box-title\"><a href=\"https:\/\/www.stodecamping.com\/es\/que-hacer\/routa-turistica-ljungandalsvagen\/\">Routa Turistica Ljungandalsv\u00e4gen<\/a><\/h3><p class=\"elementor-image-box-description\">La ruta tur\u00edstica Ljungandalsv\u00e4gen tiene 47 km de longitud y es una hermosa ruta tur\u00edstica en Ljungandalen. La carretera corre paralela a la E14 entre Sel\u00e5nger en Sundsvall y Borgsj\u00f6 en \u00c5nge<\/p><\/div><\/div>\t\t\t\t<\/div>\n\t\t\t\t<\/div>\n\t\t\t\t\t<\/div>\n\t\t<\/div>\n\t\t\t\t\t<\/div>\n\t\t<\/section>\n\t\t\t\t<section class=\"elementor-section elementor-top-section elementor-element elementor-element-fc7b9f3 elementor-section-boxed elementor-section-height-default elementor-section-height-default\" data-id=\"fc7b9f3\" data-element_type=\"section\" data-e-type=\"section\">\n\t\t\t\t\t\t<div class=\"elementor-container elementor-column-gap-default\">\n\t\t\t\t\t<div class=\"elementor-column elementor-col-33 elementor-top-column elementor-element elementor-element-e4e3588\" data-id=\"e4e3588\" data-element_type=\"column\" data-e-type=\"column\" data-settings=\"{&quot;background_background&quot;:&quot;classic&quot;}\">\n\t\t\t<div class=\"elementor-widget-wrap elementor-element-populated\">\n\t\t\t\t\t\t<div class=\"elementor-element elementor-element-42f1eab elementor-position-top elementor-widget elementor-widget-image-box\" data-id=\"42f1eab\" data-element_type=\"widget\" data-e-type=\"widget\" data-widget_type=\"image-box.default\">\n\t\t\t\t<div class=\"elementor-widget-container\">\n\t\t\t\t\t<div class=\"elementor-image-box-wrapper\"><figure class=\"elementor-image-box-img\"><a href=\"https:\/\/www.stodecamping.com\/es\/que-hacer\/st-olavsleden-2\/\" tabindex=\"-1\"><img loading=\"lazy\" decoding=\"async\" width=\"2560\" height=\"1920\" src=\"https:\/\/www.stodecamping.com\/wp-content\/uploads\/2020\/10\/9-scaled.jpg\" class=\"attachment-full size-full wp-image-924\" alt=\"\" srcset=\"https:\/\/www.stodecamping.com\/wp-content\/uploads\/2020\/10\/9-scaled.jpg 2560w, https:\/\/www.stodecamping.com\/wp-content\/uploads\/2020\/10\/9-300x225.jpg 300w, https:\/\/www.stodecamping.com\/wp-content\/uploads\/2020\/10\/9-1024x768.jpg 1024w, https:\/\/www.stodecamping.com\/wp-content\/uploads\/2020\/10\/9-768x576.jpg 768w, https:\/\/www.stodecamping.com\/wp-content\/uploads\/2020\/10\/9-1536x1152.jpg 1536w, https:\/\/www.stodecamping.com\/wp-content\/uploads\/2020\/10\/9-2048x1536.jpg 2048w\" sizes=\"(max-width: 2560px) 100vw, 2560px\" \/><\/a><\/figure><div class=\"elementor-image-box-content\"><h3 class=\"elementor-image-box-title\"><a href=\"https:\/\/www.stodecamping.com\/es\/que-hacer\/st-olavsleden-2\/\">S:t Olavsleden<\/a><\/h3><p class=\"elementor-image-box-description\">Peregrinaci\u00f3n desde Sundsvall hasta Noruega.<\/p><\/div><\/div>\t\t\t\t<\/div>\n\t\t\t\t<\/div>\n\t\t\t\t\t<\/div>\n\t\t<\/div>\n\t\t\t\t<div class=\"elementor-column elementor-col-33 elementor-top-column elementor-element elementor-element-2e49f51\" data-id=\"2e49f51\" data-element_type=\"column\" data-e-type=\"column\" data-settings=\"{&quot;background_background&quot;:&quot;classic&quot;}\">\n\t\t\t<div class=\"elementor-widget-wrap elementor-element-populated\">\n\t\t\t\t\t\t<div class=\"elementor-element elementor-element-1bb19ee elementor-position-top elementor-widget elementor-widget-image-box\" data-id=\"1bb19ee\" data-element_type=\"widget\" data-e-type=\"widget\" data-widget_type=\"image-box.default\">\n\t\t\t\t<div class=\"elementor-widget-container\">\n\t\t\t\t\t<div class=\"elementor-image-box-wrapper\"><figure class=\"elementor-image-box-img\"><a href=\"https:\/\/www.stodecamping.com\/es\/que-hacer\/geocaching\/\" tabindex=\"-1\"><img loading=\"lazy\" decoding=\"async\" width=\"1036\" height=\"504\" src=\"https:\/\/www.stodecamping.com\/wp-content\/uploads\/2020\/10\/img43-e1602493042347.png\" class=\"attachment-full size-full wp-image-2231\" alt=\"\" \/><\/a><\/figure><div class=\"elementor-image-box-content\"><h3 class=\"elementor-image-box-title\"><a href=\"https:\/\/www.stodecamping.com\/es\/que-hacer\/geocaching\/\">Geocaching<\/a><\/h3><p class=\"elementor-image-box-description\">Realiza una b\u00fasqueda del tesoro con Geocaching. Una forma divertida de experimentar la naturaleza est\u00e9s donde est\u00e9s.<\/p><\/div><\/div>\t\t\t\t<\/div>\n\t\t\t\t<\/div>\n\t\t\t\t\t<\/div>\n\t\t<\/div>\n\t\t\t\t<div class=\"elementor-column elementor-col-33 elementor-top-column elementor-element elementor-element-55217c5\" data-id=\"55217c5\" data-element_type=\"column\" data-e-type=\"column\" data-settings=\"{&quot;background_background&quot;:&quot;classic&quot;}\">\n\t\t\t<div class=\"elementor-widget-wrap elementor-element-populated\">\n\t\t\t\t\t\t<div class=\"elementor-element elementor-element-e3bb6eb elementor-position-top elementor-widget elementor-widget-image-box\" data-id=\"e3bb6eb\" data-element_type=\"widget\" data-e-type=\"widget\" data-widget_type=\"image-box.default\">\n\t\t\t\t<div class=\"elementor-widget-container\">\n\t\t\t\t\t<div class=\"elementor-image-box-wrapper\"><figure class=\"elementor-image-box-img\"><a href=\"https:\/\/www.stodecamping.com\/es\/que-hacer\/todo-por-suecia\/\" tabindex=\"-1\"><img loading=\"lazy\" decoding=\"async\" width=\"960\" height=\"612\" src=\"https:\/\/www.stodecamping.com\/wp-content\/uploads\/2020\/10\/IMG_3938-e1602496571461.jpg\" class=\"attachment-full size-full wp-image-2450\" alt=\"\" \/><\/a><\/figure><div class=\"elementor-image-box-content\"><h3 class=\"elementor-image-box-title\"><a href=\"https:\/\/www.stodecamping.com\/es\/que-hacer\/todo-por-suecia\/\">Todo por Suecia<\/a><\/h3><p class=\"elementor-image-box-description\">Im\u00e1genes del rodaje de los ganadores del Emmy All for Sweden en el camping en el verano de 2016<\/p><\/div><\/div>\t\t\t\t<\/div>\n\t\t\t\t<\/div>\n\t\t\t\t\t<\/div>\n\t\t<\/div>\n\t\t\t\t\t<\/div>\n\t\t<\/section>\n\t\t\t\t<section class=\"elementor-section elementor-top-section elementor-element elementor-element-0eab0ab elementor-section-boxed elementor-section-height-default elementor-section-height-default\" data-id=\"0eab0ab\" data-element_type=\"section\" data-e-type=\"section\">\n\t\t\t\t\t\t<div class=\"elementor-container elementor-column-gap-default\">\n\t\t\t\t\t<div class=\"elementor-column elementor-col-33 elementor-top-column elementor-element elementor-element-04efb40\" data-id=\"04efb40\" data-element_type=\"column\" data-e-type=\"column\" data-settings=\"{&quot;background_background&quot;:&quot;classic&quot;}\">\n\t\t\t<div class=\"elementor-widget-wrap elementor-element-populated\">\n\t\t\t\t\t\t<div class=\"elementor-element elementor-element-fd884be elementor-position-top elementor-widget elementor-widget-image-box\" data-id=\"fd884be\" data-element_type=\"widget\" data-e-type=\"widget\" data-widget_type=\"image-box.default\">\n\t\t\t\t<div class=\"elementor-widget-container\">\n\t\t\t\t\t<div class=\"elementor-image-box-wrapper\"><figure class=\"elementor-image-box-img\"><a href=\"https:\/\/www.stodecamping.com\/es\/que-hacer\/invierno-en-stode\/\" tabindex=\"-1\"><img decoding=\"async\" src=\"https:\/\/www.stodecamping.com\/wp-content\/uploads\/elementor\/thumbs\/fullsizeoutput_1d6d-e1608037013952-ozwj4e7f4b19p7487bi1cvxjl3koxmbd20u8yof0e0.jpeg\" title=\"fullsizeoutput_1d6d\" alt=\"fullsizeoutput_1d6d\" loading=\"lazy\" \/><\/a><\/figure><div class=\"elementor-image-box-content\"><h3 class=\"elementor-image-box-title\"><a href=\"https:\/\/www.stodecamping.com\/es\/que-hacer\/invierno-en-stode\/\">Vinter i St\u00f6de<\/a><\/h3><\/div><\/div>\t\t\t\t<\/div>\n\t\t\t\t<\/div>\n\t\t\t\t\t<\/div>\n\t\t<\/div>\n\t\t\t\t<div class=\"elementor-column elementor-col-33 elementor-top-column elementor-element elementor-element-e89a483\" data-id=\"e89a483\" data-element_type=\"column\" data-e-type=\"column\">\n\t\t\t<div class=\"elementor-widget-wrap\">\n\t\t\t\t\t\t\t<\/div>\n\t\t<\/div>\n\t\t\t\t<div class=\"elementor-column elementor-col-33 elementor-top-column elementor-element elementor-element-53bd5b7\" data-id=\"53bd5b7\" data-element_type=\"column\" data-e-type=\"column\">\n\t\t\t<div class=\"elementor-widget-wrap\">\n\t\t\t\t\t\t\t<\/div>\n\t\t<\/div>\n\t\t\t\t\t<\/div>\n\t\t<\/section>\n\t\t\t\t<section class=\"elementor-section elementor-top-section elementor-element elementor-element-cd37ad9 elementor-section-boxed elementor-section-height-default elementor-section-height-default\" data-id=\"cd37ad9\" data-element_type=\"section\" data-e-type=\"section\">\n\t\t\t\t\t\t<div class=\"elementor-container elementor-column-gap-default\">\n\t\t\t\t\t<div class=\"elementor-column elementor-col-100 elementor-top-column elementor-element elementor-element-e2e7606\" data-id=\"e2e7606\" data-element_type=\"column\" data-e-type=\"column\">\n\t\t\t<div class=\"elementor-widget-wrap elementor-element-populated\">\n\t\t\t\t\t\t<div class=\"elementor-element elementor-element-709180b elementor-widget elementor-widget-spacer\" data-id=\"709180b\" data-element_type=\"widget\" data-e-type=\"widget\" data-widget_type=\"spacer.default\">\n\t\t\t\t<div class=\"elementor-widget-container\">\n\t\t\t\t\t\t\t<div class=\"elementor-spacer\">\n\t\t\t<div class=\"elementor-spacer-inner\"><\/div>\n\t\t<\/div>\n\t\t\t\t\t\t<\/div>\n\t\t\t\t<\/div>\n\t\t\t\t\t<\/div>\n\t\t<\/div>\n\t\t\t\t\t<\/div>\n\t\t<\/section>\n\t\t\t\t<\/div>\n\t\t","protected":false},"excerpt":{"rendered":"<p>Actividades alrededor del camping St\u00f6de En el campamento se pueden alquilar botes o canoas, tal vez bajar en uno de nuestros muelles y pescar por un tiempo, hay muchas percas y luciosas en el lago y para el pescador un bonito lucio. Tambi\u00e9n puede bajar a V\u00e5ngen (a 200 m del camping) y darse un [&hellip;]<\/p>\n","protected":false},"author":2,"featured_media":0,"parent":0,"menu_order":50,"comment_status":"closed","ping_status":"closed","template":"","meta":{"footnotes":""},"class_list":["post-4313","page","type-page","status-publish","hentry"],"_links":{"self":[{"href":"https:\/\/www.stodecamping.com\/es\/wp-json\/wp\/v2\/pages\/4313","targetHints":{"allow":["GET"]}}],"collection":[{"href":"https:\/\/www.stodecamping.com\/es\/wp-json\/wp\/v2\/pages"}],"about":[{"href":"https:\/\/www.stodecamping.com\/es\/wp-json\/wp\/v2\/types\/page"}],"author":[{"embeddable":true,"href":"https:\/\/www.stodecamping.com\/es\/wp-json\/wp\/v2\/users\/2"}],"replies":[{"embeddable":true,"href":"https:\/\/www.stodecamping.com\/es\/wp-json\/wp\/v2\/comments?post=4313"}],"version-history":[{"count":0,"href":"https:\/\/www.stodecamping.com\/es\/wp-json\/wp\/v2\/pages\/4313\/revisions"}],"wp:attachment":[{"href":"https:\/\/www.stodecamping.com\/es\/wp-json\/wp\/v2\/media?parent=4313"}],"curies":[{"name":"wp","href":"https:\/\/api.w.org\/{rel}","templated":true}]}}