{"id":4055,"date":"2020-09-29T15:39:59","date_gmt":"2020-09-29T13:39:59","guid":{"rendered":"http:\/\/new.stodecamping.com\/to-do\/"},"modified":"2020-12-19T10:22:01","modified_gmt":"2020-12-19T09:22:01","slug":"to-do","status":"publish","type":"page","link":"https:\/\/www.stodecamping.com\/en\/to-do\/","title":{"rendered":"To do"},"content":{"rendered":"\t\t<div data-elementor-type=\"wp-page\" data-elementor-id=\"4055\" class=\"elementor elementor-4055 elementor-86\" data-elementor-post-type=\"page\">\n\t\t\t\t\t\t<section class=\"elementor-section elementor-top-section elementor-element elementor-element-fb94cb6 elementor-section-boxed elementor-section-height-default elementor-section-height-default\" data-id=\"fb94cb6\" data-element_type=\"section\" data-e-type=\"section\">\n\t\t\t\t\t\t<div class=\"elementor-container elementor-column-gap-default\">\n\t\t\t\t\t<div class=\"elementor-column elementor-col-100 elementor-top-column elementor-element elementor-element-b60ba2f\" data-id=\"b60ba2f\" data-element_type=\"column\" data-e-type=\"column\">\n\t\t\t<div class=\"elementor-widget-wrap elementor-element-populated\">\n\t\t\t\t\t\t<div class=\"elementor-element elementor-element-de9ba92 elementor-widget elementor-widget-heading\" data-id=\"de9ba92\" data-element_type=\"widget\" data-e-type=\"widget\" data-widget_type=\"heading.default\">\n\t\t\t\t<div class=\"elementor-widget-container\">\n\t\t\t\t\t<h2 class=\"elementor-heading-title elementor-size-default\">Activities around St\u00f6de camping<\/h2>\t\t\t\t<\/div>\n\t\t\t\t<\/div>\n\t\t\t\t<div class=\"elementor-element elementor-element-39e52ca elementor-widget elementor-widget-text-editor\" data-id=\"39e52ca\" data-element_type=\"widget\" data-e-type=\"widget\" data-widget_type=\"text-editor.default\">\n\t\t\t\t<div class=\"elementor-widget-container\">\n\t\t\t\t\t\t\t\t\t<p>At the campsite you can rent boats or canoes, maybe go down on one of our piers and fish for a while, there is plenty of perch and pikeperch in the lake and for the angler nice pike. You can also go down to V\u00e5ngen (200 m from the campsite) and take a swim. Perfect for children because it is very shallow or swimming from our bathing jetty which is just below the caravans. If it is cold, you can also swim in St\u00f6debadet, which always has a temperature of around 30 degrees. Play tennis, golf simulator and even hunting simulator available. Pool table and gym or just be at the campsite and enjoy barbecues by the lake.<\/p>\n\t\t\t\t\t\t\t\t<\/div>\n\t\t\t\t<\/div>\n\t\t\t\t\t<\/div>\n\t\t<\/div>\n\t\t\t\t\t<\/div>\n\t\t<\/section>\n\t\t\t\t<section class=\"elementor-section elementor-top-section elementor-element elementor-element-3475ba5 elementor-section-boxed elementor-section-height-default elementor-section-height-default\" data-id=\"3475ba5\" data-element_type=\"section\" data-e-type=\"section\">\n\t\t\t\t\t\t<div class=\"elementor-container elementor-column-gap-default\">\n\t\t\t\t\t<div class=\"elementor-column elementor-col-33 elementor-top-column elementor-element elementor-element-7b1c49f\" data-id=\"7b1c49f\" data-element_type=\"column\" data-e-type=\"column\" data-settings=\"{&quot;background_background&quot;:&quot;classic&quot;}\">\n\t\t\t<div class=\"elementor-widget-wrap elementor-element-populated\">\n\t\t\t\t\t\t<div class=\"elementor-element elementor-element-4581aba elementor-position-top elementor-widget elementor-widget-image-box\" data-id=\"4581aba\" data-element_type=\"widget\" data-e-type=\"widget\" data-widget_type=\"image-box.default\">\n\t\t\t\t<div class=\"elementor-widget-container\">\n\t\t\t\t\t<div class=\"elementor-image-box-wrapper\"><figure class=\"elementor-image-box-img\"><a href=\"https:\/\/www.stodecamping.com\/en\/to-do\/near-the-campsite\/\" tabindex=\"-1\"><img fetchpriority=\"high\" decoding=\"async\" width=\"1242\" height=\"931\" src=\"https:\/\/www.stodecamping.com\/wp-content\/uploads\/2020\/10\/i-narheten-stode-camping-1.jpg\" class=\"attachment-full size-full wp-image-3461\" alt=\"\" srcset=\"https:\/\/www.stodecamping.com\/wp-content\/uploads\/2020\/10\/i-narheten-stode-camping-1.jpg 1242w, https:\/\/www.stodecamping.com\/wp-content\/uploads\/2020\/10\/i-narheten-stode-camping-1-300x225.jpg 300w, https:\/\/www.stodecamping.com\/wp-content\/uploads\/2020\/10\/i-narheten-stode-camping-1-1024x768.jpg 1024w, https:\/\/www.stodecamping.com\/wp-content\/uploads\/2020\/10\/i-narheten-stode-camping-1-768x576.jpg 768w\" sizes=\"(max-width: 1242px) 100vw, 1242px\" \/><\/a><\/figure><div class=\"elementor-image-box-content\"><h3 class=\"elementor-image-box-title\"><a href=\"https:\/\/www.stodecamping.com\/en\/to-do\/near-the-campsite\/\">Near the campsite<\/a><\/h3><p class=\"elementor-image-box-description\">Fishing, rent a boat or canoe, swim in St\u00f6debadet. Scenic walking paths.<\/p><\/div><\/div>\t\t\t\t<\/div>\n\t\t\t\t<\/div>\n\t\t\t\t\t<\/div>\n\t\t<\/div>\n\t\t\t\t<div class=\"elementor-column elementor-col-33 elementor-top-column elementor-element elementor-element-2293f22\" data-id=\"2293f22\" data-element_type=\"column\" data-e-type=\"column\" data-settings=\"{&quot;background_background&quot;:&quot;classic&quot;}\">\n\t\t\t<div class=\"elementor-widget-wrap elementor-element-populated\">\n\t\t\t\t\t\t<div class=\"elementor-element elementor-element-69b8976 elementor-position-top elementor-widget elementor-widget-image-box\" data-id=\"69b8976\" data-element_type=\"widget\" data-e-type=\"widget\" data-widget_type=\"image-box.default\">\n\t\t\t\t<div class=\"elementor-widget-container\">\n\t\t\t\t\t<div class=\"elementor-image-box-wrapper\"><figure class=\"elementor-image-box-img\"><a href=\"https:\/\/www.stodecamping.com\/en\/to-do\/stodebadet\/\" tabindex=\"-1\"><img decoding=\"async\" width=\"2560\" height=\"1920\" src=\"https:\/\/www.stodecamping.com\/wp-content\/uploads\/2020\/10\/29-scaled.jpg\" class=\"attachment-full size-full wp-image-2213\" alt=\"\" srcset=\"https:\/\/www.stodecamping.com\/wp-content\/uploads\/2020\/10\/29-scaled.jpg 2560w, https:\/\/www.stodecamping.com\/wp-content\/uploads\/2020\/10\/29-300x225.jpg 300w, https:\/\/www.stodecamping.com\/wp-content\/uploads\/2020\/10\/29-1024x768.jpg 1024w, https:\/\/www.stodecamping.com\/wp-content\/uploads\/2020\/10\/29-768x576.jpg 768w, https:\/\/www.stodecamping.com\/wp-content\/uploads\/2020\/10\/29-1536x1152.jpg 1536w, https:\/\/www.stodecamping.com\/wp-content\/uploads\/2020\/10\/29-2048x1536.jpg 2048w\" sizes=\"(max-width: 2560px) 100vw, 2560px\" \/><\/a><\/figure><div class=\"elementor-image-box-content\"><h3 class=\"elementor-image-box-title\"><a href=\"https:\/\/www.stodecamping.com\/en\/to-do\/stodebadet\/\">St\u00f6debadet<\/a><\/h3><p class=\"elementor-image-box-description\">Swim, gym, play tennis or have coffee in the cafeteria at Hubergets foot.<\/p><\/div><\/div>\t\t\t\t<\/div>\n\t\t\t\t<\/div>\n\t\t\t\t\t<\/div>\n\t\t<\/div>\n\t\t\t\t<div class=\"elementor-column elementor-col-33 elementor-top-column elementor-element elementor-element-333d8b7\" data-id=\"333d8b7\" data-element_type=\"column\" data-e-type=\"column\" data-settings=\"{&quot;background_background&quot;:&quot;classic&quot;}\">\n\t\t\t<div class=\"elementor-widget-wrap elementor-element-populated\">\n\t\t\t\t\t\t<div class=\"elementor-element elementor-element-3a7703d elementor-position-top elementor-widget elementor-widget-image-box\" data-id=\"3a7703d\" data-element_type=\"widget\" data-e-type=\"widget\" data-widget_type=\"image-box.default\">\n\t\t\t\t<div class=\"elementor-widget-container\">\n\t\t\t\t\t<div class=\"elementor-image-box-wrapper\"><figure class=\"elementor-image-box-img\"><a href=\"https:\/\/www.stodecamping.com\/en\/to-do\/tourist-route-ljungandalsvagen\/\" tabindex=\"-1\"><img decoding=\"async\" width=\"2560\" height=\"1920\" src=\"https:\/\/www.stodecamping.com\/wp-content\/uploads\/2020\/10\/63-scaled.jpg\" class=\"attachment-full size-full wp-image-2180\" alt=\"\" srcset=\"https:\/\/www.stodecamping.com\/wp-content\/uploads\/2020\/10\/63-scaled.jpg 2560w, https:\/\/www.stodecamping.com\/wp-content\/uploads\/2020\/10\/63-300x225.jpg 300w, https:\/\/www.stodecamping.com\/wp-content\/uploads\/2020\/10\/63-1024x768.jpg 1024w, https:\/\/www.stodecamping.com\/wp-content\/uploads\/2020\/10\/63-768x576.jpg 768w, https:\/\/www.stodecamping.com\/wp-content\/uploads\/2020\/10\/63-1536x1152.jpg 1536w, https:\/\/www.stodecamping.com\/wp-content\/uploads\/2020\/10\/63-2048x1536.jpg 2048w\" sizes=\"(max-width: 2560px) 100vw, 2560px\" \/><\/a><\/figure><div class=\"elementor-image-box-content\"><h3 class=\"elementor-image-box-title\"><a href=\"https:\/\/www.stodecamping.com\/en\/to-do\/tourist-route-ljungandalsvagen\/\">Tourist route Ljungandalsv\u00e4gen<\/a><\/h3><p class=\"elementor-image-box-description\">Ljungandalsv\u00e4gen is 47 km long and a beautiful tourist road in Ljungandalen. The road runs parallel to the E14 between Sel\u00e5nger in Sundsvall and Borgsj\u00f6 in \u00c5nge<\/p><\/div><\/div>\t\t\t\t<\/div>\n\t\t\t\t<\/div>\n\t\t\t\t\t<\/div>\n\t\t<\/div>\n\t\t\t\t\t<\/div>\n\t\t<\/section>\n\t\t\t\t<section class=\"elementor-section elementor-top-section elementor-element elementor-element-fc7b9f3 elementor-section-boxed elementor-section-height-default elementor-section-height-default\" data-id=\"fc7b9f3\" data-element_type=\"section\" data-e-type=\"section\">\n\t\t\t\t\t\t<div class=\"elementor-container elementor-column-gap-default\">\n\t\t\t\t\t<div class=\"elementor-column elementor-col-33 elementor-top-column elementor-element elementor-element-e4e3588\" data-id=\"e4e3588\" data-element_type=\"column\" data-e-type=\"column\" data-settings=\"{&quot;background_background&quot;:&quot;classic&quot;}\">\n\t\t\t<div class=\"elementor-widget-wrap elementor-element-populated\">\n\t\t\t\t\t\t<div class=\"elementor-element elementor-element-42f1eab elementor-position-top elementor-widget elementor-widget-image-box\" data-id=\"42f1eab\" data-element_type=\"widget\" data-e-type=\"widget\" data-widget_type=\"image-box.default\">\n\t\t\t\t<div class=\"elementor-widget-container\">\n\t\t\t\t\t<div class=\"elementor-image-box-wrapper\"><figure class=\"elementor-image-box-img\"><a href=\"https:\/\/www.stodecamping.com\/en\/to-do\/st-olavs-trail-2\/\" tabindex=\"-1\"><img loading=\"lazy\" decoding=\"async\" width=\"2560\" height=\"1920\" src=\"https:\/\/www.stodecamping.com\/wp-content\/uploads\/2020\/10\/9-scaled.jpg\" class=\"attachment-full size-full wp-image-918\" alt=\"\" srcset=\"https:\/\/www.stodecamping.com\/wp-content\/uploads\/2020\/10\/9-scaled.jpg 2560w, https:\/\/www.stodecamping.com\/wp-content\/uploads\/2020\/10\/9-300x225.jpg 300w, https:\/\/www.stodecamping.com\/wp-content\/uploads\/2020\/10\/9-1024x768.jpg 1024w, https:\/\/www.stodecamping.com\/wp-content\/uploads\/2020\/10\/9-768x576.jpg 768w, https:\/\/www.stodecamping.com\/wp-content\/uploads\/2020\/10\/9-1536x1152.jpg 1536w, https:\/\/www.stodecamping.com\/wp-content\/uploads\/2020\/10\/9-2048x1536.jpg 2048w\" sizes=\"(max-width: 2560px) 100vw, 2560px\" \/><\/a><\/figure><div class=\"elementor-image-box-content\"><h3 class=\"elementor-image-box-title\"><a href=\"https:\/\/www.stodecamping.com\/en\/to-do\/st-olavs-trail-2\/\">S:t Olavs trail<\/a><\/h3><p class=\"elementor-image-box-description\">Pilgrimage from Sundsvall all the way to Norway.<\/p><\/div><\/div>\t\t\t\t<\/div>\n\t\t\t\t<\/div>\n\t\t\t\t\t<\/div>\n\t\t<\/div>\n\t\t\t\t<div class=\"elementor-column elementor-col-33 elementor-top-column elementor-element elementor-element-2e49f51\" data-id=\"2e49f51\" data-element_type=\"column\" data-e-type=\"column\" data-settings=\"{&quot;background_background&quot;:&quot;classic&quot;}\">\n\t\t\t<div class=\"elementor-widget-wrap elementor-element-populated\">\n\t\t\t\t\t\t<div class=\"elementor-element elementor-element-1bb19ee elementor-position-top elementor-widget elementor-widget-image-box\" data-id=\"1bb19ee\" data-element_type=\"widget\" data-e-type=\"widget\" data-widget_type=\"image-box.default\">\n\t\t\t\t<div class=\"elementor-widget-container\">\n\t\t\t\t\t<div class=\"elementor-image-box-wrapper\"><figure class=\"elementor-image-box-img\"><a href=\"https:\/\/www.stodecamping.com\/en\/to-do\/geocaching\/\" tabindex=\"-1\"><img loading=\"lazy\" decoding=\"async\" width=\"1036\" height=\"504\" src=\"https:\/\/www.stodecamping.com\/wp-content\/uploads\/2020\/10\/img43-e1602493042347.png\" class=\"attachment-full size-full wp-image-2225\" alt=\"\" \/><\/a><\/figure><div class=\"elementor-image-box-content\"><h3 class=\"elementor-image-box-title\"><a href=\"https:\/\/www.stodecamping.com\/en\/to-do\/geocaching\/\">Geocaching<\/a><\/h3><p class=\"elementor-image-box-description\">Go on a treasure hunt with Geocaching. A fun way to experience nature wherever you are.<\/p><\/div><\/div>\t\t\t\t<\/div>\n\t\t\t\t<\/div>\n\t\t\t\t\t<\/div>\n\t\t<\/div>\n\t\t\t\t<div class=\"elementor-column elementor-col-33 elementor-top-column elementor-element elementor-element-55217c5\" data-id=\"55217c5\" data-element_type=\"column\" data-e-type=\"column\" data-settings=\"{&quot;background_background&quot;:&quot;classic&quot;}\">\n\t\t\t<div class=\"elementor-widget-wrap elementor-element-populated\">\n\t\t\t\t\t\t<div class=\"elementor-element elementor-element-e3bb6eb elementor-position-top elementor-widget elementor-widget-image-box\" data-id=\"e3bb6eb\" data-element_type=\"widget\" data-e-type=\"widget\" data-widget_type=\"image-box.default\">\n\t\t\t\t<div class=\"elementor-widget-container\">\n\t\t\t\t\t<div class=\"elementor-image-box-wrapper\"><figure class=\"elementor-image-box-img\"><a href=\"https:\/\/www.stodecamping.com\/en\/to-do\/everything-for-sweden\/\" tabindex=\"-1\"><img loading=\"lazy\" decoding=\"async\" width=\"960\" height=\"612\" src=\"https:\/\/www.stodecamping.com\/wp-content\/uploads\/2020\/10\/IMG_3938-e1602496571461.jpg\" class=\"attachment-full size-full wp-image-2444\" alt=\"\" \/><\/a><\/figure><div class=\"elementor-image-box-content\"><h3 class=\"elementor-image-box-title\"><a href=\"https:\/\/www.stodecamping.com\/en\/to-do\/everything-for-sweden\/\">Everything for Sweden<\/a><\/h3><p class=\"elementor-image-box-description\">Pictures from the Emmy winners All for Sweden's filming at the campsite in the summer of 2016<\/p><\/div><\/div>\t\t\t\t<\/div>\n\t\t\t\t<\/div>\n\t\t\t\t\t<\/div>\n\t\t<\/div>\n\t\t\t\t\t<\/div>\n\t\t<\/section>\n\t\t\t\t<section class=\"elementor-section elementor-top-section elementor-element elementor-element-0eab0ab elementor-section-boxed elementor-section-height-default elementor-section-height-default\" data-id=\"0eab0ab\" data-element_type=\"section\" data-e-type=\"section\">\n\t\t\t\t\t\t<div class=\"elementor-container elementor-column-gap-default\">\n\t\t\t\t\t<div class=\"elementor-column elementor-col-33 elementor-top-column elementor-element elementor-element-04efb40\" data-id=\"04efb40\" data-element_type=\"column\" data-e-type=\"column\" data-settings=\"{&quot;background_background&quot;:&quot;classic&quot;}\">\n\t\t\t<div class=\"elementor-widget-wrap elementor-element-populated\">\n\t\t\t\t\t\t<div class=\"elementor-element elementor-element-fd884be elementor-position-top elementor-widget elementor-widget-image-box\" data-id=\"fd884be\" data-element_type=\"widget\" data-e-type=\"widget\" data-widget_type=\"image-box.default\">\n\t\t\t\t<div class=\"elementor-widget-container\">\n\t\t\t\t\t<div class=\"elementor-image-box-wrapper\"><figure class=\"elementor-image-box-img\"><a href=\"https:\/\/www.stodecamping.com\/att-gora\/vinter-i-stode\/\" tabindex=\"-1\"><img decoding=\"async\" src=\"https:\/\/www.stodecamping.com\/wp-content\/uploads\/elementor\/thumbs\/fullsizeoutput_1d6d-e1608037013952-ozwj4e7f4b19p7487bi1cvxjl3koxmbd20u8yof0e0.jpeg\" title=\"fullsizeoutput_1d6d\" alt=\"fullsizeoutput_1d6d\" loading=\"lazy\" \/><\/a><\/figure><div class=\"elementor-image-box-content\"><h3 class=\"elementor-image-box-title\"><a href=\"https:\/\/www.stodecamping.com\/att-gora\/vinter-i-stode\/\">Winter in St\u00f6de<\/a><\/h3><\/div><\/div>\t\t\t\t<\/div>\n\t\t\t\t<\/div>\n\t\t\t\t\t<\/div>\n\t\t<\/div>\n\t\t\t\t<div class=\"elementor-column elementor-col-33 elementor-top-column elementor-element elementor-element-e89a483\" data-id=\"e89a483\" data-element_type=\"column\" data-e-type=\"column\">\n\t\t\t<div class=\"elementor-widget-wrap\">\n\t\t\t\t\t\t\t<\/div>\n\t\t<\/div>\n\t\t\t\t<div class=\"elementor-column elementor-col-33 elementor-top-column elementor-element elementor-element-53bd5b7\" data-id=\"53bd5b7\" data-element_type=\"column\" data-e-type=\"column\">\n\t\t\t<div class=\"elementor-widget-wrap\">\n\t\t\t\t\t\t\t<\/div>\n\t\t<\/div>\n\t\t\t\t\t<\/div>\n\t\t<\/section>\n\t\t\t\t<section class=\"elementor-section elementor-top-section elementor-element elementor-element-cd37ad9 elementor-section-boxed elementor-section-height-default elementor-section-height-default\" data-id=\"cd37ad9\" data-element_type=\"section\" data-e-type=\"section\">\n\t\t\t\t\t\t<div class=\"elementor-container elementor-column-gap-default\">\n\t\t\t\t\t<div class=\"elementor-column elementor-col-100 elementor-top-column elementor-element elementor-element-e2e7606\" data-id=\"e2e7606\" data-element_type=\"column\" data-e-type=\"column\">\n\t\t\t<div class=\"elementor-widget-wrap elementor-element-populated\">\n\t\t\t\t\t\t<div class=\"elementor-element elementor-element-709180b elementor-widget elementor-widget-spacer\" data-id=\"709180b\" data-element_type=\"widget\" data-e-type=\"widget\" data-widget_type=\"spacer.default\">\n\t\t\t\t<div class=\"elementor-widget-container\">\n\t\t\t\t\t\t\t<div class=\"elementor-spacer\">\n\t\t\t<div class=\"elementor-spacer-inner\"><\/div>\n\t\t<\/div>\n\t\t\t\t\t\t<\/div>\n\t\t\t\t<\/div>\n\t\t\t\t\t<\/div>\n\t\t<\/div>\n\t\t\t\t\t<\/div>\n\t\t<\/section>\n\t\t\t\t<\/div>\n\t\t","protected":false},"excerpt":{"rendered":"<p>Activities around St\u00f6de camping At the campsite you can rent boats or canoes, maybe go down on one of our piers and fish for a while, there is plenty of perch and pikeperch in the lake and for the angler nice pike. You can also go down to V\u00e5ngen (200 m from the campsite) and [&hellip;]<\/p>\n","protected":false},"author":2,"featured_media":0,"parent":0,"menu_order":50,"comment_status":"closed","ping_status":"closed","template":"","meta":{"footnotes":""},"class_list":["post-4055","page","type-page","status-publish","hentry"],"_links":{"self":[{"href":"https:\/\/www.stodecamping.com\/en\/wp-json\/wp\/v2\/pages\/4055","targetHints":{"allow":["GET"]}}],"collection":[{"href":"https:\/\/www.stodecamping.com\/en\/wp-json\/wp\/v2\/pages"}],"about":[{"href":"https:\/\/www.stodecamping.com\/en\/wp-json\/wp\/v2\/types\/page"}],"author":[{"embeddable":true,"href":"https:\/\/www.stodecamping.com\/en\/wp-json\/wp\/v2\/users\/2"}],"replies":[{"embeddable":true,"href":"https:\/\/www.stodecamping.com\/en\/wp-json\/wp\/v2\/comments?post=4055"}],"version-history":[{"count":0,"href":"https:\/\/www.stodecamping.com\/en\/wp-json\/wp\/v2\/pages\/4055\/revisions"}],"wp:attachment":[{"href":"https:\/\/www.stodecamping.com\/en\/wp-json\/wp\/v2\/media?parent=4055"}],"curies":[{"name":"wp","href":"https:\/\/api.w.org\/{rel}","templated":true}]}}