{"id":7394,"date":"2020-11-11T14:37:59","date_gmt":"2020-11-11T13:37:59","guid":{"rendered":"https:\/\/www.stodecamping.com\/machen\/winter-im-stoede\/"},"modified":"2020-12-18T10:27:47","modified_gmt":"2020-12-18T09:27:47","slug":"winter-im-stoede","status":"publish","type":"page","link":"https:\/\/www.stodecamping.com\/de\/machen\/winter-im-stoede\/","title":{"rendered":"Winter im St\u00f6de"},"content":{"rendered":"\t\t<div data-elementor-type=\"wp-page\" data-elementor-id=\"7394\" class=\"elementor elementor-7394 elementor-4810\" data-elementor-post-type=\"page\">\n\t\t\t\t\t\t<section class=\"elementor-section elementor-top-section elementor-element elementor-element-8df5d03 elementor-section-boxed elementor-section-height-default elementor-section-height-default\" data-id=\"8df5d03\" data-element_type=\"section\" data-e-type=\"section\">\n\t\t\t\t\t\t<div class=\"elementor-container elementor-column-gap-default\">\n\t\t\t\t\t<div class=\"elementor-column elementor-col-100 elementor-top-column elementor-element elementor-element-3a0eb0c\" data-id=\"3a0eb0c\" data-element_type=\"column\" data-e-type=\"column\">\n\t\t\t<div class=\"elementor-widget-wrap elementor-element-populated\">\n\t\t\t\t\t\t<div class=\"elementor-element elementor-element-b94dea1 elementor-widget elementor-widget-heading\" data-id=\"b94dea1\" data-element_type=\"widget\" data-e-type=\"widget\" data-widget_type=\"heading.default\">\n\t\t\t\t<div class=\"elementor-widget-container\">\n\t\t\t\t\t<h2 class=\"elementor-heading-title elementor-size-default\">Winter im St\u00f6de<\/h2>\t\t\t\t<\/div>\n\t\t\t\t<\/div>\n\t\t\t\t<div class=\"elementor-element elementor-element-93c2e02 elementor-widget elementor-widget-text-editor\" data-id=\"93c2e02\" data-element_type=\"widget\" data-e-type=\"widget\" data-widget_type=\"text-editor.default\">\n\t\t\t\t<div class=\"elementor-widget-container\">\n\t\t\t\t\t\t\t\t\t<p>det finns mycket att g\u00f6ra i St\u00f6de ocks\u00e5 under vintern, 1 km fr\u00e5n elljussp\u00e5ret, 20 km till slalombacken vid Getberget och 40 km till S\u00f6dra berget och Sel\u00e5ngerbackarna. Fiske i de m\u00e5nga sj\u00f6ar runt omkring eller bara uppleva de vackra sagolandskapet.<\/p>\n\t\t\t\t\t\t\t\t<\/div>\n\t\t\t\t<\/div>\n\t\t\t\t\t<\/div>\n\t\t<\/div>\n\t\t\t\t\t<\/div>\n\t\t<\/section>\n\t\t\t\t<section class=\"elementor-section elementor-top-section elementor-element elementor-element-67015fa elementor-section-stretched elementor-section-boxed elementor-section-height-default elementor-section-height-default\" data-id=\"67015fa\" data-element_type=\"section\" data-e-type=\"section\" data-settings=\"{&quot;stretch_section&quot;:&quot;section-stretched&quot;}\">\n\t\t\t\t\t\t<div class=\"elementor-container elementor-column-gap-no\">\n\t\t\t\t\t<div class=\"elementor-column elementor-col-100 elementor-top-column elementor-element elementor-element-4ff5571\" data-id=\"4ff5571\" data-element_type=\"column\" data-e-type=\"column\">\n\t\t\t<div class=\"elementor-widget-wrap elementor-element-populated\">\n\t\t\t\t\t\t<div class=\"elementor-element elementor-element-943f917 elementor-arrows-position-inside elementor-widget elementor-widget-image-carousel\" data-id=\"943f917\" data-element_type=\"widget\" data-e-type=\"widget\" data-settings=\"{&quot;slides_to_show&quot;:&quot;2&quot;,&quot;slides_to_show_tablet&quot;:&quot;1&quot;,&quot;navigation&quot;:&quot;arrows&quot;,&quot;pause_on_interaction&quot;:&quot;no&quot;,&quot;autoplay&quot;:&quot;yes&quot;,&quot;pause_on_hover&quot;:&quot;yes&quot;,&quot;autoplay_speed&quot;:5000,&quot;infinite&quot;:&quot;yes&quot;,&quot;speed&quot;:500,&quot;image_spacing_custom&quot;:{&quot;unit&quot;:&quot;px&quot;,&quot;size&quot;:20,&quot;sizes&quot;:[]}}\" data-widget_type=\"image-carousel.default\">\n\t\t\t\t<div class=\"elementor-widget-container\">\n\t\t\t\t\t\t\t<div class=\"elementor-image-carousel-wrapper swiper\" role=\"region\" aria-roledescription=\"carousel\" aria-label=\"Bild Karussell\" dir=\"ltr\">\n\t\t\t<div class=\"elementor-image-carousel swiper-wrapper swiper-image-stretch\" aria-live=\"off\">\n\t\t\t\t\t\t\t\t<div class=\"swiper-slide\" role=\"group\" aria-roledescription=\"slide\" aria-label=\"1 von 3\"><figure class=\"swiper-slide-inner\"><img decoding=\"async\" class=\"swiper-slide-image\" src=\"https:\/\/www.stodecamping.com\/wp-content\/uploads\/2020\/11\/fullsizeoutput_1d6d-e1608037013952.jpeg\" alt=\"fullsizeoutput_1d6d\" \/><\/figure><\/div><div class=\"swiper-slide\" role=\"group\" aria-roledescription=\"slide\" aria-label=\"2 von 3\"><figure class=\"swiper-slide-inner\"><img decoding=\"async\" class=\"swiper-slide-image\" src=\"https:\/\/www.stodecamping.com\/wp-content\/uploads\/2020\/11\/fullsizeoutput_1d6b-e1608037033156.jpeg\" alt=\"vinter p\u00e5 campingen\" \/><\/figure><\/div><div class=\"swiper-slide\" role=\"group\" aria-roledescription=\"slide\" aria-label=\"3 von 3\"><figure class=\"swiper-slide-inner\"><img decoding=\"async\" class=\"swiper-slide-image\" src=\"https:\/\/www.stodecamping.com\/wp-content\/uploads\/2020\/11\/fullsizeoutput_1d68-e1608037051543.jpeg\" alt=\"St\u00f6de kyrka\" \/><\/figure><\/div>\t\t\t<\/div>\n\t\t\t\t\t\t\t\t\t\t\t\t<div class=\"elementor-swiper-button elementor-swiper-button-prev\" role=\"button\" tabindex=\"0\">\n\t\t\t\t\t\t<i aria-hidden=\"true\" class=\"eicon-chevron-left\"><\/i>\t\t\t\t\t<\/div>\n\t\t\t\t\t<div class=\"elementor-swiper-button elementor-swiper-button-next\" role=\"button\" tabindex=\"0\">\n\t\t\t\t\t\t<i aria-hidden=\"true\" class=\"eicon-chevron-right\"><\/i>\t\t\t\t\t<\/div>\n\t\t\t\t\n\t\t\t\t\t\t\t\t\t<\/div>\n\t\t\t\t\t\t<\/div>\n\t\t\t\t<\/div>\n\t\t\t\t\t<\/div>\n\t\t<\/div>\n\t\t\t\t\t<\/div>\n\t\t<\/section>\n\t\t\t\t<section class=\"elementor-section elementor-top-section elementor-element elementor-element-7f97724 elementor-section-boxed elementor-section-height-default elementor-section-height-default\" data-id=\"7f97724\" data-element_type=\"section\" data-e-type=\"section\">\n\t\t\t\t\t\t<div class=\"elementor-container elementor-column-gap-default\">\n\t\t\t\t\t<div class=\"elementor-column elementor-col-50 elementor-top-column elementor-element elementor-element-e6aefd4\" data-id=\"e6aefd4\" data-element_type=\"column\" data-e-type=\"column\">\n\t\t\t<div class=\"elementor-widget-wrap elementor-element-populated\">\n\t\t\t\t\t\t<div class=\"elementor-element elementor-element-bf6c69f elementor-widget elementor-widget-image\" data-id=\"bf6c69f\" data-element_type=\"widget\" data-e-type=\"widget\" data-widget_type=\"image.default\">\n\t\t\t\t<div class=\"elementor-widget-container\">\n\t\t\t\t\t\t\t\t\t\t\t\t\t\t\t<img fetchpriority=\"high\" decoding=\"async\" width=\"712\" height=\"449\" src=\"https:\/\/www.stodecamping.com\/wp-content\/uploads\/2020\/11\/DA91C88A-0823-450A-8DDA-D2A421449526-e1608037147949.jpeg\" class=\"attachment-full size-full wp-image-7409\" alt=\"\" srcset=\"https:\/\/www.stodecamping.com\/wp-content\/uploads\/2020\/11\/DA91C88A-0823-450A-8DDA-D2A421449526-e1608037147949.jpeg 712w, https:\/\/www.stodecamping.com\/wp-content\/uploads\/2020\/11\/DA91C88A-0823-450A-8DDA-D2A421449526-e1608037147949-300x189.jpeg 300w\" sizes=\"(max-width: 712px) 100vw, 712px\" \/>\t\t\t\t\t\t\t\t\t\t\t\t\t\t\t<\/div>\n\t\t\t\t<\/div>\n\t\t\t\t\t<\/div>\n\t\t<\/div>\n\t\t\t\t<div class=\"elementor-column elementor-col-50 elementor-top-column elementor-element elementor-element-a185f87\" data-id=\"a185f87\" data-element_type=\"column\" data-e-type=\"column\">\n\t\t\t<div class=\"elementor-widget-wrap elementor-element-populated\">\n\t\t\t\t\t\t<div class=\"elementor-element elementor-element-0549648 elementor-widget elementor-widget-image\" data-id=\"0549648\" data-element_type=\"widget\" data-e-type=\"widget\" data-widget_type=\"image.default\">\n\t\t\t\t<div class=\"elementor-widget-container\">\n\t\t\t\t\t\t\t\t\t\t\t\t\t\t\t<img decoding=\"async\" width=\"1242\" height=\"785\" src=\"https:\/\/www.stodecamping.com\/wp-content\/uploads\/2020\/11\/fullsizeoutput_1d6e-e1608037188981.jpeg\" class=\"attachment-full size-full wp-image-7412\" alt=\"\" srcset=\"https:\/\/www.stodecamping.com\/wp-content\/uploads\/2020\/11\/fullsizeoutput_1d6e-e1608037188981.jpeg 1242w, https:\/\/www.stodecamping.com\/wp-content\/uploads\/2020\/11\/fullsizeoutput_1d6e-e1608037188981-300x190.jpeg 300w, https:\/\/www.stodecamping.com\/wp-content\/uploads\/2020\/11\/fullsizeoutput_1d6e-e1608037188981-1024x647.jpeg 1024w, https:\/\/www.stodecamping.com\/wp-content\/uploads\/2020\/11\/fullsizeoutput_1d6e-e1608037188981-768x485.jpeg 768w\" sizes=\"(max-width: 1242px) 100vw, 1242px\" \/>\t\t\t\t\t\t\t\t\t\t\t\t\t\t\t<\/div>\n\t\t\t\t<\/div>\n\t\t\t\t\t<\/div>\n\t\t<\/div>\n\t\t\t\t\t<\/div>\n\t\t<\/section>\n\t\t\t\t<\/div>\n\t\t","protected":false},"excerpt":{"rendered":"<p>Winter im St\u00f6de det finns mycket att g\u00f6ra i St\u00f6de ocks\u00e5 under vintern, 1 km fr\u00e5n elljussp\u00e5ret, 20 km till slalombacken vid Getberget och 40 km till S\u00f6dra berget och Sel\u00e5ngerbackarna. Fiske i de m\u00e5nga sj\u00f6ar runt omkring eller bara uppleva de vackra sagolandskapet. F\u00f6reg\u00e5ende N\u00e4sta<\/p>\n","protected":false},"author":3,"featured_media":0,"parent":4235,"menu_order":0,"comment_status":"closed","ping_status":"closed","template":"","meta":{"footnotes":""},"class_list":["post-7394","page","type-page","status-publish","hentry"],"_links":{"self":[{"href":"https:\/\/www.stodecamping.com\/de\/wp-json\/wp\/v2\/pages\/7394","targetHints":{"allow":["GET"]}}],"collection":[{"href":"https:\/\/www.stodecamping.com\/de\/wp-json\/wp\/v2\/pages"}],"about":[{"href":"https:\/\/www.stodecamping.com\/de\/wp-json\/wp\/v2\/types\/page"}],"author":[{"embeddable":true,"href":"https:\/\/www.stodecamping.com\/de\/wp-json\/wp\/v2\/users\/3"}],"replies":[{"embeddable":true,"href":"https:\/\/www.stodecamping.com\/de\/wp-json\/wp\/v2\/comments?post=7394"}],"version-history":[{"count":0,"href":"https:\/\/www.stodecamping.com\/de\/wp-json\/wp\/v2\/pages\/7394\/revisions"}],"up":[{"embeddable":true,"href":"https:\/\/www.stodecamping.com\/de\/wp-json\/wp\/v2\/pages\/4235"}],"wp:attachment":[{"href":"https:\/\/www.stodecamping.com\/de\/wp-json\/wp\/v2\/media?parent=7394"}],"curies":[{"name":"wp","href":"https:\/\/api.w.org\/{rel}","templated":true}]}}