{"id":6356,"date":"2020-09-29T14:19:57","date_gmt":"2020-09-29T12:19:57","guid":{"rendered":"http:\/\/new.stodecamping.com\/integritetspolicy\/"},"modified":"2020-12-12T10:56:25","modified_gmt":"2020-12-12T09:56:25","slug":"integritetspolicy","status":"publish","type":"page","link":"https:\/\/www.stodecamping.com\/de\/integritetspolicy\/","title":{"rendered":"Integritetspolicy"},"content":{"rendered":"\t\t<div data-elementor-type=\"wp-page\" data-elementor-id=\"6356\" class=\"elementor elementor-6356 elementor-8\" data-elementor-post-type=\"page\">\n\t\t\t\t\t\t<section class=\"elementor-section elementor-top-section elementor-element elementor-element-2d536621 elementor-section-boxed elementor-section-height-default elementor-section-height-default\" data-id=\"2d536621\" data-element_type=\"section\" data-e-type=\"section\">\n\t\t\t\t\t\t<div class=\"elementor-container elementor-column-gap-default\">\n\t\t\t\t\t<div class=\"elementor-column elementor-col-100 elementor-top-column elementor-element elementor-element-754bcd9a\" data-id=\"754bcd9a\" data-element_type=\"column\" data-e-type=\"column\">\n\t\t\t<div class=\"elementor-widget-wrap elementor-element-populated\">\n\t\t\t\t\t\t<div class=\"elementor-element elementor-element-0d19134 elementor-widget elementor-widget-heading\" data-id=\"0d19134\" data-element_type=\"widget\" data-e-type=\"widget\" data-widget_type=\"heading.default\">\n\t\t\t\t<div class=\"elementor-widget-container\">\n\t\t\t\t\t<h2 class=\"elementor-heading-title elementor-size-default\">Integritetspolicy<\/h2>\t\t\t\t<\/div>\n\t\t\t\t<\/div>\n\t\t\t\t<div class=\"elementor-element elementor-element-5d65960d elementor-widget elementor-widget-text-editor\" data-id=\"5d65960d\" data-element_type=\"widget\" data-e-type=\"widget\" data-widget_type=\"text-editor.default\">\n\t\t\t\t<div class=\"elementor-widget-container\">\n\t\t\t\t\t\t\t\t\t<p style=\"margin-top: 0pt; margin-bottom: 8pt; font-family: Calibri; font-size: 11.0pt;\">F\u00f6r St\u00f6de Camping<span style=\"color: red;\">\u00a0<\/span>\u00e4r personlig integritet viktigt och du m\u00e5ste k\u00e4nna dig trygg med hur dina personuppgifter behandlas hos oss. Vi vill d\u00e4rf\u00f6r alltid efterstr\u00e4va en h\u00f6g niv\u00e5 av skydd f\u00f6r dina personuppgifter. I denna integritetspolicy informerar vi om hur vi samlar in och anv\u00e4nder dina personuppgifter. Vi beskriver ocks\u00e5 dina r\u00e4ttigheter och hur du kan g\u00f6ra dem g\u00e4llande.<\/p>\n<h4>Ansvar f\u00f6r personuppgifter<\/h4>\n<p style=\"margin-top: 0pt; margin-bottom: 8pt; font-family: Calibri; font-size: 11.0pt;\">St\u00f6de Camping behandlar de personuppgifter som du delger oss enligt denna Integritetspolicy och ansvarar f\u00f6r att dina personuppgifter hanteras i enlighet med g\u00e4llande lagstiftning.<\/p>\n<h4>Personuppgifter som behandlas<\/h4>\n<p style=\"margin-top: 0pt; margin-bottom: 8pt; font-family: Calibri; font-size: 11.0pt;\">De personuppgifter St\u00f6de Camping<span style=\"color: red;\">\u00a0<\/span>kan behandla och samla in om dig i egenskap av bes\u00f6kare p\u00e5 v\u00e5r webbsida och som anv\u00e4ndare av v\u00e5ra tj\u00e4nster \u00e4r i huvudsak kontaktuppgifter som namn, adress, telefonnummer, epost och i vissa fall \u00e4ven annan information du delger oss i formul\u00e4rens fritextf\u00e4lt. \u00c4ven IP-nummer f\u00f6r information om din anv\u00e4ndning av webbplatsen samlas in.<\/p>\n<h4>\u00c4ndam\u00e5l f\u00f6r behandling av personuppgifter<\/h4>\n<p style=\"margin-top: 0pt; margin-bottom: 8pt; font-family: Calibri; font-size: 11.0pt;\">Vid din registrering i formul\u00e4r p\u00e5 v\u00e5r webbplats, samt vid din kontakt med oss g\u00e4llande fr\u00e5gor eller information samlas information om dina uppgifter i v\u00e5ra system. \u00c4ven n\u00e4r du surfar p\u00e5 n\u00e5gon av v\u00e5ra webbplatser kan vi automatiskt h\u00e4mta information om dina bes\u00f6k samt om din dator i syfte att f\u00f6rb\u00e4ttra din upplevelse av v\u00e5ra tj\u00e4nster till dig.<\/p>\n<p style=\"margin-top: 0pt; margin-bottom: 8pt; font-family: Calibri; font-size: 11.0pt;\">D\u00e5 vi g\u00e4rna vill informera om vad vi eller v\u00e5ra samarbetspartners erbjuder och bjuda in till kommande evenemang eller bara informera om vad som \u00e4r p\u00e5 g\u00e5ng s\u00e5 kommer utskick ske, det sker vanligen i form av nyhetsbrev som skickas till din e-post. Vid olika event och seminarier kan personuppgifter ocks\u00e5 behandlas. Vid behov lagras \u00e4ven uppgifter om allergier eller kost men dessa uppgifter behandlas bara d\u00e4r du sj\u00e4lv kan anses ha offentliggjort informationen och i samtycke med dig. Vi kan \u00e4ven samla in personuppgifter fr\u00e5n externa k\u00e4llor vid adressuppdateringar.<\/p>\n<h4>Hur l\u00e4nge sparar vi dina personuppgifter?<\/h4>\n<p style=\"margin-top: 0pt; margin-bottom: 8pt; font-family: Calibri; font-size: 11.0pt;\">Vi sparar dina uppgifter s\u00e5 l\u00e4nge som det kr\u00e4vs f\u00f6r att uppfylla ovanst\u00e5ende \u00e4ndam\u00e5l eller s\u00e5 l\u00e4nge vi enligt lag \u00e4r skyldiga att g\u00f6ra detta. Vi har utarbetat gallringsrutiner f\u00f6r att s\u00e4kerst\u00e4lla att personuppgifter inte sparas l\u00e4ngre \u00e4n vad som beh\u00f6vs f\u00f6r det specifika \u00e4ndam\u00e5let. Hur l\u00e5ng lagringstiden kan bli \u00e4r olika beroende p\u00e5 \u00e4ndam\u00e5l med behandlingen och hur l\u00e4nge uppgiften \u00e4r n\u00f6dv\u00e4ndig f\u00f6r \u00e4ndam\u00e5let. Efter det kommer vi att p\u00e5 ett s\u00e4kert s\u00e4tt gallra eller avidentifiera dina uppgifter s\u00e5 att det inte l\u00e4ngre g\u00e5r att koppla dem till dig. Vissa uppgifter som exempelvis specialkost eller allergier raderas s\u00e5 snart evenemanget \u00e4r avslutat.<\/p>\n<h4>Skydd av personuppgifter<\/h4>\n<p style=\"margin-top: 0pt; margin-bottom: 8pt; font-family: Calibri; font-size: 11.0pt;\">St\u00f6de Camping har vidtagit tekniska och organisatoriska \u00e5tg\u00e4rder f\u00f6r att skydda dina uppgifter fr\u00e5n f\u00f6rlust, manipulation och obeh\u00f6rig \u00e5tkomst. Vi anpassar fortl\u00f6pande v\u00e5ra s\u00e4kerhets\u00e5tg\u00e4rder i enlighet med framstegen och utvecklingen p\u00e5 det tekniska omr\u00e5det.<\/p>\n<h4>Tillg\u00e5ng till personuppgifter<\/h4>\n<p style=\"margin-top: 0pt; margin-bottom: 8pt; font-family: Calibri; font-size: 11.0pt;\">De uppgifter du delger St\u00f6de Camping kan delas inom St\u00f6de Camping gruppen. Vi vidarebefordrar, s\u00e4ljer eller byter aldrig dina personuppgifter f\u00f6r marknadsf\u00f6rings\u00e4ndam\u00e5l till tredje part utanf\u00f6r St\u00f6de Camping. Andra uppgifter som vidarebefordras till tredje part anv\u00e4nds endast f\u00f6r att tillhandah\u00e5lla ovann\u00e4mnda tj\u00e4nster till dig eller vid lagstadgade krav, r\u00e4ttsliga utredningar och domstolsbeslut.<\/p>\n<p style=\"margin-top: 0pt; margin-bottom: 8pt; font-family: Calibri; font-size: 11.0pt;\">Vi vidarebefordrar inga uppgifter till tredje land utanf\u00f6r EU\/EES.<\/p>\n<h4>Dina r\u00e4ttigheter<\/h4>\n<p style=\"margin-top: 0pt; margin-bottom: 8pt; font-family: Calibri; font-size: 11.0pt;\">Enligt g\u00e4llande lagstiftning har du r\u00e4tt att n\u00e4r som helst beg\u00e4ra ut information om de personuppgifter vi har om dig. Om dina uppgifter \u00e4r felaktiga, ofullst\u00e4ndiga eller irrelevanta, kan du beg\u00e4ra att f\u00e5 dem r\u00e4ttade och \u00e4ven raderade. Du kan n\u00e4r som helst \u00e5terkalla ditt samtycke till att l\u00e5ta oss anv\u00e4nda uppgifterna f\u00f6r marknadsf\u00f6rings\u00e4ndam\u00e5l. I varje nyhetsbrev som skickas ut finns information om vart du v\u00e4nder dig f\u00f6r att avregistrera dig f\u00f6r utskick.<\/p>\n<p style=\"margin-top: 0pt; margin-bottom: 8pt; font-family: Calibri; font-size: 11.0pt;\">Vid fr\u00e5gor om St\u00f6de Camping<span style=\"color: red;\">\u00a0<\/span>hantering av personuppgifter, registerutdrag, r\u00e4ttning eller radering av uppgifter v\u00e4nligen kontakta personuppgiftsansvarig genom att skicka ett brev till St\u00f6de Camping, K\u00e4lsta 107, 864 41 St\u00f6de, Sverige eller via epost, <a href=\"mailto:stodecampingstode@hotmail.com\" target=\"_blank\" rel=\"noopener\">stodecampingstode@hotmail.com<\/a>.<\/p>\n<p style=\"margin-top: 0pt; margin-bottom: 8pt; font-family: Calibri; font-size: 11.0pt;\">Om du tror att St\u00f6de Camping<span style=\"color: red;\">\u00a0<\/span>inte har uppfyllt dina r\u00e4ttigheter enligt dataskyddsf\u00f6rordningen, har du r\u00e4tt att \u00f6verklaga till den aktuella tillsynsmyndigheten. Detta g\u00f6rs genom att skicka ett klagom\u00e5l till Datainspektionen. Kontaktuppgifter finns p\u00e5:\u00a0<a href=\"http:\/\/www.datainspektionen.se\/\" target=\"_blank\" rel=\"noopener\">http:\/\/www.datainspektionen.se\u00a0<\/a><\/p>\n<h4>Cookie\/kakor<\/h4>\n<p style=\"margin-top: 0pt; margin-bottom: 8pt; font-family: Calibri; font-size: 11.0pt;\">Enligt lagen om elektronisk kommunikation ska alla som bes\u00f6ker en webbplats med kakor f\u00e5 tillg\u00e5ng till information om att webbplatsen inneh\u00e5ller kakor och \u00e4ndam\u00e5let med anv\u00e4ndningen av kakor. Bes\u00f6karen ska ocks\u00e5 l\u00e4mna sitt samtycke till att kakor anv\u00e4nds. En kaka (eller cookie) \u00e4r en liten textfil som webbplatsen du bes\u00f6ker beg\u00e4r att f\u00e5 spara p\u00e5 din dator. Kakor anv\u00e4nds p\u00e5 m\u00e5nga webbplatser f\u00f6r att ge en bes\u00f6kare tillg\u00e5ng till olika funktioner.<\/p>\n<p style=\"margin-top: 0pt; margin-bottom: 8pt; font-family: Calibri; font-size: 11.0pt;\">Vi anv\u00e4nder oss \u00e4ven av Google Analytics, en n\u00e4tverksanalystj\u00e4nst som tillhandah\u00e5lls av Google Inc. Det \u00e4r tredje part cookies som vi anv\u00e4nder oss av i syfte att f\u00f6rb\u00e4ttra v\u00e5ra tj\u00e4nster och f\u00f6r att ge en statistisk utv\u00e4rdering av v\u00e5ra bes\u00f6kares trafik. Det \u00e4r inte m\u00f6jligt att sp\u00e5ra identiteten hos individer med dessa tj\u00e4nster. Den information som genereras p\u00e5 detta s\u00e4tt kan \u00f6verf\u00f6ras till en server utomlands och lagras d\u00e4r. Du kan sj\u00e4lv f\u00f6rhindra att cookies lagras genom att justera inst\u00e4llningarna i din webbl\u00e4sare. F\u00f6r mer information, se <a href=\"https:\/\/policies.google.com\/technologies\/types?hl=sv\" target=\"_blank\" rel=\"noopener\">Google Analytics sekretesspolicy<\/a>.<\/p>\n<h4>L\u00e4nkar<\/h4>\n<p style=\"margin-top: 0pt; margin-bottom: 8pt; font-family: Calibri; font-size: 11.0pt;\">Vi l\u00e4nkar ibland till andra sidor hos tredje part p\u00e5 v\u00e5r webbplats som har sina egna integritetsbest\u00e4mmelser och vilka vi inte kan ta ansvar f\u00f6r.<\/p>\n<h4>Kontakt<\/h4>\n<p style=\"margin-top: 0pt; margin-bottom: 8pt; font-family: Calibri; font-size: 11.0pt;\">Om du har fr\u00e5gor eller inv\u00e4ndningar mot v\u00e5r personuppgiftsbehandling \u00e4r du alltid v\u00e4lkommen att kontakta oss<\/p>\n<p style=\"margin-top: 0pt; margin-bottom: 8pt; font-family: Calibri; font-size: 11.0pt; color: red;\"><strong><span style=\"color: #000000;\">St\u00f6de Camping<\/span><\/strong><br \/><span style=\"color: #000000;\">K\u00e4lsta 107<\/span><br \/><span style=\"color: #000000;\">864 41 St\u00f6de<\/span><br \/><span style=\"color: #000000;\">Sverige<\/p>\n<p>Telefon: <\/span><a href=\"tel:+40768818283\" target=\"_blank\" rel=\"noopener\">076-881 82 83<\/a><br \/><span style=\"color: #000000;\">E-post:<\/span> <a href=\"mailto:stodecampingstode@hotmail.com\" target=\"_blank\" rel=\"noopener\">stodecampingstode@hotmail.com<\/a><\/p>\n\t\t\t\t\t\t\t\t<\/div>\n\t\t\t\t<\/div>\n\t\t\t\t\t<\/div>\n\t\t<\/div>\n\t\t\t\t\t<\/div>\n\t\t<\/section>\n\t\t\t\t<\/div>\n\t\t","protected":false},"excerpt":{"rendered":"<p>Integritetspolicy F\u00f6r St\u00f6de Camping\u00a0\u00e4r personlig integritet viktigt och du m\u00e5ste k\u00e4nna dig trygg med hur dina personuppgifter behandlas hos oss. Vi vill d\u00e4rf\u00f6r alltid efterstr\u00e4va en h\u00f6g niv\u00e5 av skydd f\u00f6r dina personuppgifter. I denna integritetspolicy informerar vi om hur vi samlar in och anv\u00e4nder dina personuppgifter. Vi beskriver ocks\u00e5 dina r\u00e4ttigheter och hur du [&hellip;]<\/p>\n","protected":false},"author":2,"featured_media":0,"parent":0,"menu_order":99,"comment_status":"closed","ping_status":"closed","template":"","meta":{"footnotes":""},"class_list":["post-6356","page","type-page","status-publish","hentry"],"_links":{"self":[{"href":"https:\/\/www.stodecamping.com\/de\/wp-json\/wp\/v2\/pages\/6356","targetHints":{"allow":["GET"]}}],"collection":[{"href":"https:\/\/www.stodecamping.com\/de\/wp-json\/wp\/v2\/pages"}],"about":[{"href":"https:\/\/www.stodecamping.com\/de\/wp-json\/wp\/v2\/types\/page"}],"author":[{"embeddable":true,"href":"https:\/\/www.stodecamping.com\/de\/wp-json\/wp\/v2\/users\/2"}],"replies":[{"embeddable":true,"href":"https:\/\/www.stodecamping.com\/de\/wp-json\/wp\/v2\/comments?post=6356"}],"version-history":[{"count":0,"href":"https:\/\/www.stodecamping.com\/de\/wp-json\/wp\/v2\/pages\/6356\/revisions"}],"wp:attachment":[{"href":"https:\/\/www.stodecamping.com\/de\/wp-json\/wp\/v2\/media?parent=6356"}],"curies":[{"name":"wp","href":"https:\/\/api.w.org\/{rel}","templated":true}]}}