{"id":4318,"date":"2020-10-12T11:05:28","date_gmt":"2020-10-12T09:05:28","guid":{"rendered":"http:\/\/new.stodecamping.com\/machen\/in-der-naehe-des-campingplatzes\/"},"modified":"2020-12-12T10:55:08","modified_gmt":"2020-12-12T09:55:08","slug":"in-der-naehe-des-campingplatzes","status":"publish","type":"page","link":"https:\/\/www.stodecamping.com\/de\/machen\/in-der-naehe-des-campingplatzes\/","title":{"rendered":"In der N\u00e4he des Campingplatzes"},"content":{"rendered":"\t\t<div data-elementor-type=\"wp-page\" data-elementor-id=\"4318\" class=\"elementor elementor-4318 elementor-2246\">\n\t\t\t\t\t\t<section class=\"elementor-section elementor-top-section elementor-element elementor-element-b996d52 elementor-section-boxed elementor-section-height-default elementor-section-height-default\" data-id=\"b996d52\" data-element_type=\"section\" data-e-type=\"section\">\n\t\t\t\t\t\t<div class=\"elementor-container elementor-column-gap-default\">\n\t\t\t\t\t<div class=\"elementor-column elementor-col-100 elementor-top-column elementor-element elementor-element-9ac4d5a\" data-id=\"9ac4d5a\" data-element_type=\"column\" data-e-type=\"column\">\n\t\t\t<div class=\"elementor-widget-wrap elementor-element-populated\">\n\t\t\t\t\t\t<div class=\"elementor-element elementor-element-81bc334 elementor-widget elementor-widget-heading\" data-id=\"81bc334\" data-element_type=\"widget\" data-e-type=\"widget\" data-widget_type=\"heading.default\">\n\t\t\t\t<div class=\"elementor-widget-container\">\n\t\t\t\t\t<h2 class=\"elementor-heading-title elementor-size-default\">Aktivit\u00e4ten auf dem Campingplatz St\u00f6de<\/h2>\t\t\t\t<\/div>\n\t\t\t\t<\/div>\n\t\t\t\t<div class=\"elementor-element elementor-element-a0c50b7 elementor-widget elementor-widget-text-editor\" data-id=\"a0c50b7\" data-element_type=\"widget\" data-e-type=\"widget\" data-widget_type=\"text-editor.default\">\n\t\t\t\t<div class=\"elementor-widget-container\">\n\t\t\t\t\t\t\t\t\t<p>Das Angeln im See ist sehr gut, es gibt Barsch, Hecht und wenn Sie Boot fahren, k\u00f6nnen Sie auch Zander bekommen. Der Bootsverleih ist an der Rezeption und der Preis pro Stunde betr\u00e4gt 70 Skr. Es gibt auch Kanus zu mieten. Wenn Sie schwimmen m\u00f6chten, haben wir den St\u00fctzpool, aber einen beheizten Pool, oder Sie schwimmen im See, es gibt zwei Badestellen auf dem Campingplatz und der Strand ist 100 m entfernt.<\/p>\n<p>Wenn Sie spazieren gehen m\u00f6chten, gibt es viele malerische Stra\u00dfen zu Fu\u00df, der elektrische Lichtweg ist 1 km vom Campingplatz entfernt. Es gibt auch viele Flohm\u00e4rkte. Fitnessraum, Billard und Tennisplatz befinden sich direkt neben dem Campingplatz. Und wenn Sie guten Kaffee m\u00f6chten, k\u00f6nnen Sie einen Spaziergang auf Huberget machen. Es gibt auch einen alten Landladen, ein Museum, ein Schulmuseum und verschiedene Aktivit\u00e4ten und Unterhaltungsm\u00f6glichkeiten.<\/p>\n\t\t\t\t\t\t\t\t<\/div>\n\t\t\t\t<\/div>\n\t\t\t\t\t<\/div>\n\t\t<\/div>\n\t\t\t\t\t<\/div>\n\t\t<\/section>\n\t\t\t\t<section class=\"elementor-section elementor-top-section elementor-element elementor-element-bb3a593 elementor-section-stretched elementor-section-boxed elementor-section-height-default elementor-section-height-default\" data-id=\"bb3a593\" data-element_type=\"section\" data-e-type=\"section\" data-settings=\"{&quot;stretch_section&quot;:&quot;section-stretched&quot;}\">\n\t\t\t\t\t\t<div class=\"elementor-container elementor-column-gap-no\">\n\t\t\t\t\t<div class=\"elementor-column elementor-col-100 elementor-top-column elementor-element elementor-element-c76f04f\" data-id=\"c76f04f\" data-element_type=\"column\" data-e-type=\"column\">\n\t\t\t<div class=\"elementor-widget-wrap elementor-element-populated\">\n\t\t\t\t\t\t<div class=\"elementor-element elementor-element-ca079d6 elementor-arrows-position-inside elementor-widget elementor-widget-image-carousel\" data-id=\"ca079d6\" data-element_type=\"widget\" data-e-type=\"widget\" data-settings=\"{&quot;slides_to_show&quot;:&quot;2&quot;,&quot;slides_to_show_tablet&quot;:&quot;1&quot;,&quot;navigation&quot;:&quot;arrows&quot;,&quot;pause_on_interaction&quot;:&quot;no&quot;,&quot;autoplay&quot;:&quot;yes&quot;,&quot;pause_on_hover&quot;:&quot;yes&quot;,&quot;autoplay_speed&quot;:5000,&quot;infinite&quot;:&quot;yes&quot;,&quot;speed&quot;:500,&quot;image_spacing_custom&quot;:{&quot;unit&quot;:&quot;px&quot;,&quot;size&quot;:20,&quot;sizes&quot;:[]}}\" data-widget_type=\"image-carousel.default\">\n\t\t\t\t<div class=\"elementor-widget-container\">\n\t\t\t\t\t\t\t<div class=\"elementor-image-carousel-wrapper swiper\" role=\"region\" aria-roledescription=\"carousel\" aria-label=\"Bild Karussell\" dir=\"ltr\">\n\t\t\t<div class=\"elementor-image-carousel swiper-wrapper swiper-image-stretch\" aria-live=\"off\">\n\t\t\t\t\t\t\t\t<div class=\"swiper-slide\" role=\"group\" aria-roledescription=\"slide\" aria-label=\"1 von 10\"><figure class=\"swiper-slide-inner\"><img decoding=\"async\" class=\"swiper-slide-image\" src=\"https:\/\/www.stodecamping.com\/wp-content\/uploads\/2020\/10\/i-narheten-stode-camping-1-1.jpg\" alt=\"i-n\u00e4rheten-st\u00f6de-camping-1\" \/><\/figure><\/div><div class=\"swiper-slide\" role=\"group\" aria-roledescription=\"slide\" aria-label=\"2 von 10\"><figure class=\"swiper-slide-inner\"><img decoding=\"async\" class=\"swiper-slide-image\" src=\"https:\/\/www.stodecamping.com\/wp-content\/uploads\/2020\/10\/i-narheten-stode-camping-2-1.jpg\" alt=\"i-n\u00e4rheten-st\u00f6de-camping-2\" \/><\/figure><\/div><div class=\"swiper-slide\" role=\"group\" aria-roledescription=\"slide\" aria-label=\"3 von 10\"><figure class=\"swiper-slide-inner\"><img decoding=\"async\" class=\"swiper-slide-image\" src=\"https:\/\/www.stodecamping.com\/wp-content\/uploads\/2020\/10\/9-scaled.jpg\" alt=\"9\" \/><\/figure><\/div><div class=\"swiper-slide\" role=\"group\" aria-roledescription=\"slide\" aria-label=\"4 von 10\"><figure class=\"swiper-slide-inner\"><img decoding=\"async\" class=\"swiper-slide-image\" src=\"https:\/\/www.stodecamping.com\/wp-content\/uploads\/2020\/10\/48-scaled.jpg\" alt=\"48\" \/><\/figure><\/div><div class=\"swiper-slide\" role=\"group\" aria-roledescription=\"slide\" aria-label=\"5 von 10\"><figure class=\"swiper-slide-inner\"><img decoding=\"async\" class=\"swiper-slide-image\" src=\"https:\/\/www.stodecamping.com\/wp-content\/uploads\/2020\/10\/29-scaled.jpg\" alt=\"29\" \/><\/figure><\/div><div class=\"swiper-slide\" role=\"group\" aria-roledescription=\"slide\" aria-label=\"6 von 10\"><figure class=\"swiper-slide-inner\"><img decoding=\"async\" class=\"swiper-slide-image\" src=\"https:\/\/www.stodecamping.com\/wp-content\/uploads\/2020\/10\/i-narheten-stode-camping-3-1-scaled.jpg\" alt=\"i-n\u00e4rheten-st\u00f6de-camping-3\" \/><\/figure><\/div><div class=\"swiper-slide\" role=\"group\" aria-roledescription=\"slide\" aria-label=\"7 von 10\"><figure class=\"swiper-slide-inner\"><img decoding=\"async\" class=\"swiper-slide-image\" src=\"https:\/\/www.stodecamping.com\/wp-content\/uploads\/2020\/09\/52-scaled.jpg\" alt=\"52\" \/><\/figure><\/div><div class=\"swiper-slide\" role=\"group\" aria-roledescription=\"slide\" aria-label=\"8 von 10\"><figure class=\"swiper-slide-inner\"><img decoding=\"async\" class=\"swiper-slide-image\" src=\"https:\/\/www.stodecamping.com\/wp-content\/uploads\/2020\/10\/10.jpg\" alt=\"10\" \/><\/figure><\/div><div class=\"swiper-slide\" role=\"group\" aria-roledescription=\"slide\" aria-label=\"9 von 10\"><figure class=\"swiper-slide-inner\"><img decoding=\"async\" class=\"swiper-slide-image\" src=\"https:\/\/www.stodecamping.com\/wp-content\/uploads\/2020\/10\/18-scaled.jpg\" alt=\"18\" \/><\/figure><\/div><div class=\"swiper-slide\" role=\"group\" aria-roledescription=\"slide\" aria-label=\"10 von 10\"><figure class=\"swiper-slide-inner\"><img decoding=\"async\" class=\"swiper-slide-image\" src=\"https:\/\/www.stodecamping.com\/wp-content\/uploads\/2020\/11\/9C988763-A662-477D-94DB-F47EED94B081_4_5005_c.jpeg\" alt=\"9C988763-A662-477D-94DB-F47EED94B081_4_5005_c\" \/><\/figure><\/div>\t\t\t<\/div>\n\t\t\t\t\t\t\t\t\t\t\t\t<div class=\"elementor-swiper-button elementor-swiper-button-prev\" role=\"button\" tabindex=\"0\">\n\t\t\t\t\t\t<i aria-hidden=\"true\" class=\"eicon-chevron-left\"><\/i>\t\t\t\t\t<\/div>\n\t\t\t\t\t<div class=\"elementor-swiper-button elementor-swiper-button-next\" role=\"button\" tabindex=\"0\">\n\t\t\t\t\t\t<i aria-hidden=\"true\" class=\"eicon-chevron-right\"><\/i>\t\t\t\t\t<\/div>\n\t\t\t\t\n\t\t\t\t\t\t\t\t\t<\/div>\n\t\t\t\t\t\t<\/div>\n\t\t\t\t<\/div>\n\t\t\t\t\t<\/div>\n\t\t<\/div>\n\t\t\t\t\t<\/div>\n\t\t<\/section>\n\t\t\t\t<\/div>\n\t\t","protected":false},"excerpt":{"rendered":"<p>Aktivit\u00e4ten auf dem Campingplatz St\u00f6de Das Angeln im See ist sehr gut, es gibt Barsch, Hecht und wenn Sie Boot fahren, k\u00f6nnen Sie auch Zander bekommen. Der Bootsverleih ist an der Rezeption und der Preis pro Stunde betr\u00e4gt 70 Skr. Es gibt auch Kanus zu mieten. Wenn Sie schwimmen m\u00f6chten, haben wir den St\u00fctzpool, aber [&hellip;]<\/p>\n","protected":false},"author":2,"featured_media":0,"parent":4235,"menu_order":0,"comment_status":"closed","ping_status":"closed","template":"","meta":{"footnotes":""},"class_list":["post-4318","page","type-page","status-publish","hentry"],"_links":{"self":[{"href":"https:\/\/www.stodecamping.com\/de\/wp-json\/wp\/v2\/pages\/4318","targetHints":{"allow":["GET"]}}],"collection":[{"href":"https:\/\/www.stodecamping.com\/de\/wp-json\/wp\/v2\/pages"}],"about":[{"href":"https:\/\/www.stodecamping.com\/de\/wp-json\/wp\/v2\/types\/page"}],"author":[{"embeddable":true,"href":"https:\/\/www.stodecamping.com\/de\/wp-json\/wp\/v2\/users\/2"}],"replies":[{"embeddable":true,"href":"https:\/\/www.stodecamping.com\/de\/wp-json\/wp\/v2\/comments?post=4318"}],"version-history":[{"count":0,"href":"https:\/\/www.stodecamping.com\/de\/wp-json\/wp\/v2\/pages\/4318\/revisions"}],"up":[{"embeddable":true,"href":"https:\/\/www.stodecamping.com\/de\/wp-json\/wp\/v2\/pages\/4235"}],"wp:attachment":[{"href":"https:\/\/www.stodecamping.com\/de\/wp-json\/wp\/v2\/media?parent=4318"}],"curies":[{"name":"wp","href":"https:\/\/api.w.org\/{rel}","templated":true}]}}